{"id":981,"date":"2024-02-12T11:32:49","date_gmt":"2024-02-12T10:32:49","guid":{"rendered":"https:\/\/www.ujfi.fei.stuba.sk\/?page_id=981"},"modified":"2026-05-01T11:02:55","modified_gmt":"2026-05-01T10:02:55","slug":"fyzika-1-ls-2024","status":"publish","type":"page","link":"https:\/\/www.ujfi.fei.stuba.sk\/en\/studijne-materialy\/fyzika-1-ls-2024\/","title":{"rendered":"Fyzika 1 LS 2024"},"content":{"rendered":"\n<p>Webov\u00e1 str\u00e1nka predmetov fyzika 1 a semin\u00e1r z fyziky 1 v letnom semestri akademick\u00e9ho roka 2023\/2024.<br>Juraj Chlp\u00edk, miestnos\u0165 A 314, email: juraj.chlpik@stuba.sk<\/p>\n\n\n\n<h2 class=\"wp-block-heading\"><strong>U\u017eito\u010dn\u00e9 odkazy<\/strong><\/h2>\n\n\n\n<p><a href=\"https:\/\/www.ujfi.fei.stuba.sk\/?page_id=439\" data-type=\"link\" data-id=\"https:\/\/www.ujfi.fei.stuba.sk\/?page_id=439\">Laborat\u00f3rne \u00falohy<\/a> | <a href=\"https:\/\/www.ujfi.fei.stuba.sk\/predmety\/fyzika\/navody\/SpracovanieVysledkov.pdf\" data-type=\"link\" data-id=\"https:\/\/www.ujfi.fei.stuba.sk\/predmety\/fyzika\/navody\/SpracovanieVysledkov.pdf\">Met\u00f3dy spracovania meran\u00ed<\/a> | <a href=\"https:\/\/www.ujfi.fei.stuba.sk\/predmety\/fyzika\/navody\/regresia-dodatok_20101022.pdf\" data-type=\"link\" data-id=\"https:\/\/www.ujfi.fei.stuba.sk\/predmety\/fyzika\/navody\/regresia-dodatok_20101022.pdf\">Line\u00e1rna regresia<\/a> | <a href=\"https:\/\/www.ujfi.fei.stuba.sk\/predmety\/fyzika\/navody\/Linearna_regresia_v_Exceli_20110301.pdf\" data-type=\"link\" data-id=\"https:\/\/www.ujfi.fei.stuba.sk\/predmety\/fyzika\/navody\/Linearna_regresia_v_Exceli_20110301.pdf\">Line\u00e1rna regresia v Exceli<\/a> | <a href=\"https:\/\/is.stuba.sk\/auth\/dok_server\/dokumenty_cteni.pl?id=174676;on=6;dok=129703;serializace=58561373:1667924702:4237:user:f43945c5477448bcdca4f5e267eb4f1e05302e79;lang=sk\" data-type=\"link\" data-id=\"https:\/\/is.stuba.sk\/auth\/dok_server\/dokumenty_cteni.pl?id=174676;on=6;dok=129703;serializace=58561373:1667924702:4237:user:f43945c5477448bcdca4f5e267eb4f1e05302e79;lang=sk\">Zbierka \u00faloh (J. Cir\u00e1k)<\/a> | <a href=\"https:\/\/www.ujfi.fei.stuba.sk\/?page_id=443\" data-type=\"link\" data-id=\"https:\/\/www.ujfi.fei.stuba.sk\/?page_id=443\">Pr\u00edklady na precvi\u010denie<\/a> | <a href=\"https:\/\/www.ujfi.fei.stuba.sk\/?page_id=509\" data-type=\"link\" data-id=\"https:\/\/www.ujfi.fei.stuba.sk\/?page_id=509\">D. Ilkovi\u010d: Fyzika<\/a> | <a href=\"https:\/\/www.ujfi.fei.stuba.sk\/wp-content\/uploads\/2024\/02\/Sylabus_Fyzika1_2024LS.pdf\" data-type=\"link\" data-id=\"https:\/\/www.ujfi.fei.stuba.sk\/wp-content\/uploads\/2024\/02\/Sylabus_Fyzika1_2024LS.pdf\">Sylabus<\/a><\/p>\n\n\n\n<div class=\"wp-block-columns is-layout-flex wp-container-core-columns-is-layout-9d6595d7 wp-block-columns-is-layout-flex\">\n<div class=\"wp-block-column is-layout-flow wp-block-column-is-layout-flow\" style=\"flex-basis:100%\">\n<div class=\"wp-block-group\"><div class=\"wp-block-group__inner-container is-layout-constrained wp-block-group-is-layout-constrained\">\n<div class=\"wp-block-columns is-layout-flex wp-container-core-columns-is-layout-9d6595d7 wp-block-columns-is-layout-flex\">\n<div class=\"wp-block-column is-layout-flow wp-block-column-is-layout-flow\" style=\"flex-basis:100%\">\n<h2 class=\"wp-block-heading\">Z\u00e1kladn\u00e9 inform\u00e1cie<\/h2>\n\n\n\n<div data-wp-interactive=\"core\/file\" class=\"wp-block-file\"><object data-wp-bind--hidden=\"!state.hasPdfPreview\" hidden class=\"wp-block-file__embed\" data=\"https:\/\/www.ujfi.fei.stuba.sk\/wp-content\/uploads\/2024\/02\/Sylabus_Fyzika1_2024LS.pdf\" type=\"application\/pdf\" style=\"width:100%;height:320px\" aria-label=\"Embed of Sylabus.\"><\/object><a id=\"wp-block-file--media-076c056c-8fea-41dc-ae8e-8831f0b3f1eb\" href=\"https:\/\/www.ujfi.fei.stuba.sk\/wp-content\/uploads\/2024\/02\/Sylabus_Fyzika1_2024LS.pdf\">Sylabus<\/a><a href=\"https:\/\/www.ujfi.fei.stuba.sk\/wp-content\/uploads\/2024\/02\/Sylabus_Fyzika1_2024LS.pdf\" class=\"wp-block-file__button wp-element-button\" download aria-describedby=\"wp-block-file--media-076c056c-8fea-41dc-ae8e-8831f0b3f1eb\">Stiahnu\u0165<\/a><\/div>\n\n\n\n<p><\/p>\n\n\n\n<h3 class=\"wp-block-heading\"><strong>\u0160tudijn\u00e9 programy<\/strong><\/h3>\n\n\n\n<p>automobilov\u00e1 mechatronika, elektroenergetika, elektrotechnika, jadrov\u00e9 a fyzik\u00e1lne in\u017einierstvo<\/p>\n\n\n\n<h3 class=\"wp-block-heading\"><strong>Rozsah<\/strong><\/h3>\n\n\n\n<p>2 hodiny predn\u00e1\u0161ok a 2 hodiny cvi\u010den\u00ed t\u00fd\u017edenne, 2 hodiny semin\u00e1r<br><strong>Predn\u00e1\u0161ka:<\/strong> utorok 15.00 \u2013 16.40 DE 300<br><strong>Semin\u00e1r:<\/strong> \u0161tvrtok 15.00 \u2013 16.40 AB 300<\/p>\n\n\n\n<h3 class=\"wp-block-heading\"><strong>Cvi\u010denia<\/strong><\/h3>\n\n\n\n<p>utorok 8.00 A 204, 10.00 A 204,<br>piatok 8.00 A 303, 10.00 A 303, 13.00 A 204, 15.00 A 204, 17.00 A 303<\/p>\n\n\n\n<h3 class=\"wp-block-heading\"><strong>U\u010ditelia<\/strong><\/h3>\n\n\n\n<p><strong>Predn\u00e1\u0161aj\u00faci:<\/strong> RNDr. Juraj Chlp\u00edk, PhD.<br><strong>Zodpovedn\u00ed cvi\u010diaci:<\/strong> RNDr. So\u0148a Kotorov\u00e1,<br>PhD., Ing. Miroslava Zemanov\u00e1-Die\u0161kov\u00e1, PhD.<br><strong>Cvi\u010diaci v laborat\u00f3riu: <\/strong>Mgr. Oto Glavo, Ing. Katar\u00edna Sedla\u010dkov\u00e1, PhD.,<br>Ing. Branislav Str\u00edbrnsk\u00fd, PhD.<\/p>\n<\/div>\n<\/div>\n<\/div><\/div>\n<\/div>\n<\/div>\n\n\n\n<h2 class=\"wp-block-heading\">Sk\u00fa\u0161ka z fyziky 1<\/h2>\n\n\n\n<h3 class=\"wp-block-heading\"><strong>Prv\u00fd term\u00edn sk\u00fa\u0161ky<\/strong><\/h3>\n\n\n\n<p>\u0160tvrtok 16. m\u00e1ja 2024 o 8.00, AB 300, BC 300<br>Konzult\u00e1cia a dosk\u00fa\u0161anie: \u0161tvrtok 23. m\u00e1ja 2024 8.00 \u2013 12.30 v A 303 na tre\u0165om poschod\u00ed bloku A.<\/p>\n\n\n\n<div class=\"wp-block-columns is-layout-flex wp-container-core-columns-is-layout-9d6595d7 wp-block-columns-is-layout-flex\">\n<div class=\"wp-block-column is-layout-flow wp-block-column-is-layout-flow\">\n<div data-wp-interactive=\"core\/file\" class=\"wp-block-file\"><object data-wp-bind--hidden=\"!state.hasPdfPreview\" hidden class=\"wp-block-file__embed\" data=\"https:\/\/www.ujfi.fei.stuba.sk\/wp-content\/uploads\/2024\/05\/F1_LS2024_Skuska1_teoria_web.pdf\" type=\"application\/pdf\" style=\"width:100%;height:320px\" aria-label=\"Embed of Te\u00f3ria.\"><\/object><a id=\"wp-block-file--media-890b322c-5697-458c-8f04-24f57f61291c\" href=\"https:\/\/www.ujfi.fei.stuba.sk\/wp-content\/uploads\/2024\/05\/F1_LS2024_Skuska1_teoria_web.pdf\">Te\u00f3ria<\/a><a href=\"https:\/\/www.ujfi.fei.stuba.sk\/wp-content\/uploads\/2024\/05\/F1_LS2024_Skuska1_teoria_web.pdf\" class=\"wp-block-file__button wp-element-button\" download aria-describedby=\"wp-block-file--media-890b322c-5697-458c-8f04-24f57f61291c\">Stiahnu\u0165<\/a><\/div>\n<\/div>\n\n\n\n<div class=\"wp-block-column is-layout-flow wp-block-column-is-layout-flow\">\n<div data-wp-interactive=\"core\/file\" class=\"wp-block-file\"><object data-wp-bind--hidden=\"!state.hasPdfPreview\" hidden class=\"wp-block-file__embed\" data=\"https:\/\/www.ujfi.fei.stuba.sk\/wp-content\/uploads\/2024\/05\/F1_LS2024_Skuska1_ulohy_zadanie_web.pdf\" type=\"application\/pdf\" style=\"width:100%;height:320px\" aria-label=\"Embed of \u00dalohy.\"><\/object><a id=\"wp-block-file--media-fc5d21ff-acc2-496f-b5ad-0932636f98da\" href=\"https:\/\/www.ujfi.fei.stuba.sk\/wp-content\/uploads\/2024\/05\/F1_LS2024_Skuska1_ulohy_zadanie_web.pdf\">\u00dalohy<\/a><a href=\"https:\/\/www.ujfi.fei.stuba.sk\/wp-content\/uploads\/2024\/05\/F1_LS2024_Skuska1_ulohy_zadanie_web.pdf\" class=\"wp-block-file__button wp-element-button\" download aria-describedby=\"wp-block-file--media-fc5d21ff-acc2-496f-b5ad-0932636f98da\">Stiahnu\u0165<\/a><\/div>\n<\/div>\n\n\n\n<div class=\"wp-block-column is-layout-flow wp-block-column-is-layout-flow\">\n<div data-wp-interactive=\"core\/file\" class=\"wp-block-file\"><object data-wp-bind--hidden=\"!state.hasPdfPreview\" hidden class=\"wp-block-file__embed\" data=\"https:\/\/www.ujfi.fei.stuba.sk\/wp-content\/uploads\/2024\/05\/F1-LS-2024-Skuska-1-riesenie.pdf\" type=\"application\/pdf\" style=\"width:100%;height:320px\" aria-label=\"Embed of Rie\u0161enie.\"><\/object><a id=\"wp-block-file--media-56c21b7d-673a-426d-9893-434cc2709ecc\" href=\"https:\/\/www.ujfi.fei.stuba.sk\/wp-content\/uploads\/2024\/05\/F1-LS-2024-Skuska-1-riesenie.pdf\">Rie\u0161enie<\/a><a href=\"https:\/\/www.ujfi.fei.stuba.sk\/wp-content\/uploads\/2024\/05\/F1-LS-2024-Skuska-1-riesenie.pdf\" class=\"wp-block-file__button wp-element-button\" download aria-describedby=\"wp-block-file--media-56c21b7d-673a-426d-9893-434cc2709ecc\">Stiahnu\u0165<\/a><\/div>\n<\/div>\n<\/div>\n\n\n\n<p><\/p>\n\n\n\n<h3 class=\"wp-block-heading\">Duh\u00fd term\u00edn sk\u00fa\u0161ky<\/h3>\n\n\n\n<p>\u0160tvrtok 13. j\u00fana 2024 o 8.00, AB 300<br>Konzult\u00e1cie a dosk\u00fa\u0161anie: utorok 25. j\u00fana 2024 od 14.00<\/p>\n\n\n\n<div class=\"wp-block-columns is-layout-flex wp-container-core-columns-is-layout-9d6595d7 wp-block-columns-is-layout-flex\">\n<div class=\"wp-block-column is-layout-flow wp-block-column-is-layout-flow\" style=\"flex-basis:33.34%\">\n<div data-wp-interactive=\"core\/file\" class=\"wp-block-file\"><object data-wp-bind--hidden=\"!state.hasPdfPreview\" hidden class=\"wp-block-file__embed\" data=\"https:\/\/www.ujfi.fei.stuba.sk\/wp-content\/uploads\/2024\/06\/F1_LS2024_Skuska2_teoria_web.pdf\" type=\"application\/pdf\" style=\"width:100%;height:320px\" aria-label=\"Embed of Te\u00f3ria.\"><\/object><a id=\"wp-block-file--media-4225c7ad-34da-4675-9518-5d030b3b933e\" href=\"https:\/\/www.ujfi.fei.stuba.sk\/wp-content\/uploads\/2024\/06\/F1_LS2024_Skuska2_teoria_web.pdf\">Te\u00f3ria<\/a><a href=\"https:\/\/www.ujfi.fei.stuba.sk\/wp-content\/uploads\/2024\/06\/F1_LS2024_Skuska2_teoria_web.pdf\" class=\"wp-block-file__button wp-element-button\" download aria-describedby=\"wp-block-file--media-4225c7ad-34da-4675-9518-5d030b3b933e\">Stiahnu\u0165<\/a><\/div>\n<\/div>\n\n\n\n<div class=\"wp-block-column is-layout-flow wp-block-column-is-layout-flow\" style=\"flex-basis:33.34%\">\n<div data-wp-interactive=\"core\/file\" class=\"wp-block-file\"><object data-wp-bind--hidden=\"!state.hasPdfPreview\" hidden class=\"wp-block-file__embed\" data=\"https:\/\/www.ujfi.fei.stuba.sk\/wp-content\/uploads\/2024\/06\/F1_LS2024_Skuska2_ulohy_zadanie_web.pdf\" type=\"application\/pdf\" style=\"width:100%;height:320px\" aria-label=\"Embed of \u00dalohy.\"><\/object><a id=\"wp-block-file--media-4365b7cb-d2bc-45d4-a00b-430b2b37384a\" href=\"https:\/\/www.ujfi.fei.stuba.sk\/wp-content\/uploads\/2024\/06\/F1_LS2024_Skuska2_ulohy_zadanie_web.pdf\">\u00dalohy<\/a><a href=\"https:\/\/www.ujfi.fei.stuba.sk\/wp-content\/uploads\/2024\/06\/F1_LS2024_Skuska2_ulohy_zadanie_web.pdf\" class=\"wp-block-file__button wp-element-button\" download aria-describedby=\"wp-block-file--media-4365b7cb-d2bc-45d4-a00b-430b2b37384a\">Stiahnu\u0165<\/a><\/div>\n<\/div>\n\n\n\n<div class=\"wp-block-column is-layout-flow wp-block-column-is-layout-flow\" style=\"flex-basis:33.33%\">\n<div data-wp-interactive=\"core\/file\" class=\"wp-block-file\"><object data-wp-bind--hidden=\"!state.hasPdfPreview\" hidden class=\"wp-block-file__embed\" data=\"https:\/\/www.ujfi.fei.stuba.sk\/wp-content\/uploads\/2025\/05\/F1-LS-2024-Skuska-2-riesenie.pdf\" type=\"application\/pdf\" style=\"width:100%;height:320px\" aria-label=\"Embed of Rie\u0161enie.\"><\/object><a id=\"wp-block-file--media-2cc636b2-2568-4e7c-a078-bfcab3157e55\" href=\"https:\/\/www.ujfi.fei.stuba.sk\/wp-content\/uploads\/2025\/05\/F1-LS-2024-Skuska-2-riesenie.pdf\">Rie\u0161enie<\/a><a href=\"https:\/\/www.ujfi.fei.stuba.sk\/wp-content\/uploads\/2025\/05\/F1-LS-2024-Skuska-2-riesenie.pdf\" class=\"wp-block-file__button wp-element-button\" download aria-describedby=\"wp-block-file--media-2cc636b2-2568-4e7c-a078-bfcab3157e55\">Stiahnu\u0165<\/a><\/div>\n<\/div>\n<\/div>\n\n\n\n<p><\/p>\n\n\n\n<h3 class=\"wp-block-heading\">Pozn\u00e1mky ku sk\u00fa\u0161ke<\/h3>\n\n\n\n<p>Sk\u00fa\u0161ka je p\u00edsomn\u00e1 a m\u00e1 dve \u010dasti:<\/p>\n\n\n\n<ol class=\"wp-block-list\">\n<li>Te\u00f3ria (60 min\u00fat) \u2013 hlavn\u00e1 ot\u00e1zka, 12 bodov + 4 ot\u00e1zky fyzik\u00e1lneho minima po 3 body (celkovo 24 bodov)<br><strong>Hlavn\u00e1 ot\u00e1zka<\/strong>&nbsp;sa t\u00fdka ve\u013ekej kapitoly pod\u013ea <a href=\"https:\/\/www.ujfi.fei.stuba.sk\/wp-content\/uploads\/2024\/02\/Sylabus_Fyzika1_2024LS.pdf\" data-type=\"link\" data-id=\"https:\/\/www.ujfi.fei.stuba.sk\/wp-content\/uploads\/2024\/02\/Sylabus_Fyzika1_2024LS.pdf\">sylabu<\/a> predmetu,&nbsp;napr.:&nbsp;<em>Mechanick\u00e9 kmitanie<\/em>. Bude pozost\u00e1va\u0165 z 12 t\u00e9z, ktor\u00e9 treba spracova\u0165 formou ucelen\u00e9ho textu s defin\u00edciami, d\u00f4kazmi a vysvetlivkami.<br><strong>Ot\u00e1zky fyzik\u00e1lneho minima<\/strong>&nbsp;s\u00fa vybran\u00e9 vz\u0165ahy alebo z\u00e1kony tak, aby p\u00edsomka pokryla cel\u00fa \u0161\u00edrku u\u010diva. Odpoved\u00e1 sa stru\u010dne. Pr.:&nbsp;<em>Bernoulliho rovnica<\/em><\/li>\n\n\n\n<li>Rie\u0161enie fyzik\u00e1lnych \u00faloh (80 min\u00fat), p\u00e4\u0165 alebo \u0161es\u0165 \u00faloh za maxim\u00e1lne 30 bodov<\/li>\n<\/ol>\n\n\n\n<p>Maxim\u00e1lny bodov\u00fd zisk na sk\u00fa\u0161ke je 54 bodov.<\/p>\n\n\n\n<p><a href=\"http:\/\/fyz.ujfi.fei.stuba.sk\/~chlpik\/2022-2023\/LS\/Fyzika1\/\" data-type=\"link\" data-id=\"http:\/\/fyz.ujfi.fei.stuba.sk\/~chlpik\/2022-2023\/LS\/Fyzika1\/\">Pr\u00edklady zadanie na sk\u00fa\u0161ke z minul\u00e9ho roku mo\u017eno n\u00e1js\u0165 kliknut\u00edm na tento odkaz.<\/a><\/p>\n\n\n\n<h2 class=\"wp-block-heading\">Prv\u00e1 priebe\u017en\u00e1 p\u00edsomka<\/h2>\n\n\n\n<p>\u0160tvrtok 14. marca 2024, 15.00 v miestnostiach AB 300, BC 300 a BC 150. Rozpis \u0161tudentov do jednotliv\u00fdch miestnost\u00ed bude v AISe. T\u00e9my: <strong>kinematika a dynamika hmotn\u00e9ho bodu<\/strong>.<\/p>\n\n\n\n<div class=\"wp-block-columns is-layout-flex wp-container-core-columns-is-layout-9d6595d7 wp-block-columns-is-layout-flex\">\n<div class=\"wp-block-column is-layout-flow wp-block-column-is-layout-flow\">\n<div data-wp-interactive=\"core\/file\" class=\"wp-block-file\"><object data-wp-bind--hidden=\"!state.hasPdfPreview\" hidden class=\"wp-block-file__embed\" data=\"https:\/\/www.ujfi.fei.stuba.sk\/wp-content\/uploads\/2024\/05\/F1_2024_LS_pisomka1_zadanie_web.pdf\" type=\"application\/pdf\" style=\"width:100%;height:320px\" aria-label=\"Embed of Zadanie.\"><\/object><a id=\"wp-block-file--media-51ad09c7-83a2-4464-9adf-53921bccd82a\" href=\"https:\/\/www.ujfi.fei.stuba.sk\/wp-content\/uploads\/2024\/05\/F1_2024_LS_pisomka1_zadanie_web.pdf\">Zadanie<\/a><a href=\"https:\/\/www.ujfi.fei.stuba.sk\/wp-content\/uploads\/2024\/05\/F1_2024_LS_pisomka1_zadanie_web.pdf\" class=\"wp-block-file__button wp-element-button\" download aria-describedby=\"wp-block-file--media-51ad09c7-83a2-4464-9adf-53921bccd82a\">Stiahnu\u0165<\/a><\/div>\n<\/div>\n\n\n\n<div class=\"wp-block-column is-layout-flow wp-block-column-is-layout-flow\">\n<div data-wp-interactive=\"core\/file\" class=\"wp-block-file\"><object data-wp-bind--hidden=\"!state.hasPdfPreview\" hidden class=\"wp-block-file__embed\" data=\"https:\/\/www.ujfi.fei.stuba.sk\/wp-content\/uploads\/2024\/05\/F1-LS-2024-P1-riesenie.pdf\" type=\"application\/pdf\" style=\"width:100%;height:320px\" aria-label=\"Embed of Rie\u0161enie.\"><\/object><a id=\"wp-block-file--media-4fe3938d-f7fc-46f0-96c9-fab7a3819410\" href=\"https:\/\/www.ujfi.fei.stuba.sk\/wp-content\/uploads\/2024\/05\/F1-LS-2024-P1-riesenie.pdf\">Rie\u0161enie<\/a><a href=\"https:\/\/www.ujfi.fei.stuba.sk\/wp-content\/uploads\/2024\/05\/F1-LS-2024-P1-riesenie.pdf\" class=\"wp-block-file__button wp-element-button\" download aria-describedby=\"wp-block-file--media-4fe3938d-f7fc-46f0-96c9-fab7a3819410\">Stiahnu\u0165<\/a><\/div>\n<\/div>\n<\/div>\n\n\n\n<p><\/p>\n\n\n\n<h2 class=\"wp-block-heading\">Druh\u00e1 priebe\u017en\u00e1 p\u00edsomka<\/h2>\n\n\n\n<p>\u0160tvrtok 2. m\u00e1ja 2024, 15.00 v miestnostiach AB 300, BC 300 a BC 150 Rozpis \u0161tudentov do jednotliv\u00fdch miestnost\u00ed bude v AISe. T\u00e9my: <strong>dynamika s\u00fastavy hmotn\u00fdch bodov, dynamika telesa, mechanick\u00e9 kmitanie, mechanick\u00e9 vlnenie, hydromechanika<\/strong>.<\/p>\n\n\n\n<div class=\"wp-block-columns is-layout-flex wp-container-core-columns-is-layout-9d6595d7 wp-block-columns-is-layout-flex\">\n<div class=\"wp-block-column is-layout-flow wp-block-column-is-layout-flow\">\n<div data-wp-interactive=\"core\/file\" class=\"wp-block-file\"><object data-wp-bind--hidden=\"!state.hasPdfPreview\" hidden class=\"wp-block-file__embed\" data=\"https:\/\/www.ujfi.fei.stuba.sk\/wp-content\/uploads\/2024\/05\/F1_2024_LS_pisomka2_zadanie_web.pdf\" type=\"application\/pdf\" style=\"width:100%;height:320px\" aria-label=\"Embed of Zadanie.\"><\/object><a id=\"wp-block-file--media-8218ad1a-497f-46da-96bf-84e7a1065470\" href=\"https:\/\/www.ujfi.fei.stuba.sk\/wp-content\/uploads\/2024\/05\/F1_2024_LS_pisomka2_zadanie_web.pdf\">Zadanie<\/a><a href=\"https:\/\/www.ujfi.fei.stuba.sk\/wp-content\/uploads\/2024\/05\/F1_2024_LS_pisomka2_zadanie_web.pdf\" class=\"wp-block-file__button wp-element-button\" download aria-describedby=\"wp-block-file--media-8218ad1a-497f-46da-96bf-84e7a1065470\">Stiahnu\u0165<\/a><\/div>\n<\/div>\n\n\n\n<div class=\"wp-block-column is-layout-flow wp-block-column-is-layout-flow\">\n<div data-wp-interactive=\"core\/file\" class=\"wp-block-file\"><object data-wp-bind--hidden=\"!state.hasPdfPreview\" hidden class=\"wp-block-file__embed\" data=\"https:\/\/www.ujfi.fei.stuba.sk\/wp-content\/uploads\/2024\/05\/F1-LS-2024-P2-riesenie.pdf\" type=\"application\/pdf\" style=\"width:100%;height:320px\" aria-label=\"Embed of Rie\u0161enie.\"><\/object><a id=\"wp-block-file--media-33746e4c-8181-443b-8d62-6a4eea2b0b42\" href=\"https:\/\/www.ujfi.fei.stuba.sk\/wp-content\/uploads\/2024\/05\/F1-LS-2024-P2-riesenie.pdf\">Rie\u0161enie<\/a><a href=\"https:\/\/www.ujfi.fei.stuba.sk\/wp-content\/uploads\/2024\/05\/F1-LS-2024-P2-riesenie.pdf\" class=\"wp-block-file__button wp-element-button\" download aria-describedby=\"wp-block-file--media-33746e4c-8181-443b-8d62-6a4eea2b0b42\">Stiahnu\u0165<\/a><\/div>\n<\/div>\n<\/div>\n\n\n\n<p><\/p>\n\n\n\n<h2 class=\"wp-block-heading\">Opravn\u00e1 priebe\u017en\u00e1 p\u00edsomka<\/h2>\n\n\n\n<p>9. m\u00e1ja 2023 o 15.00 v miestnosti AB 300<br>Opravn\u00e1 p\u00edsomka sl\u00fa\u017ei najm\u00e4 ako n\u00e1hradn\u00e1 p\u00edsomka pre \u0161tudentov, ktor\u00ed sa nemohli z\u00fa\u010dastni\u0165 jednej z dvoch priebe\u017en\u00fdch p\u00edsomiek. Z\u00e1rove\u0148 pon\u00faka mo\u017enos\u0165 opravy pre \u0161tudentov, ktor\u00ed nez\u00edskali dostato\u010dn\u00fd po\u010det bodov na to, aby mohli \u00eds\u0165 na sk\u00fa\u0161ku. Bodov\u00fdm ziskom z opravnej p\u00edsomky sa nahrad\u00ed bodov\u00fd zisk jednej z priebe\u017en\u00fdch p\u00edsomiek. Bude to t\u00e1, z ktorej mal \u0161tudent pri vz\u00e1jomnom porovnan\u00ed dvoch priebe\u017en\u00fdch p\u00edsomiek menej bodov. Na opravn\u00fa p\u00edsomku sa \u0161tudent mus\u00ed vopred prihl\u00e1si\u0165 prostredn\u00edctvom online formul\u00e1ru. Odkaz na formul\u00e1r bude v osobitnom emaile. Konzult\u00e1cia s mo\u017enos\u0165ou n\u00e1h\u013eadu opraven\u00fdch pr\u00e1c bude v pondelok 13. m\u00e1ja 2024 od 14.00 do 17.00 a v utorok 14. m\u00e1ja 2024 od 10.00 do 16.00 v A314 (na 3. poschod\u00ed bloku A).<\/p>\n\n\n\n<div class=\"wp-block-columns is-layout-flex wp-container-core-columns-is-layout-9d6595d7 wp-block-columns-is-layout-flex\">\n<div class=\"wp-block-column is-layout-flow wp-block-column-is-layout-flow\">\n<div data-wp-interactive=\"core\/file\" class=\"wp-block-file\"><object data-wp-bind--hidden=\"!state.hasPdfPreview\" hidden class=\"wp-block-file__embed\" data=\"https:\/\/www.ujfi.fei.stuba.sk\/wp-content\/uploads\/2025\/05\/F1_2024_LS_pisomka3_zadanie_web.pdf\" type=\"application\/pdf\" style=\"width:100%;height:320px\" aria-label=\"Embed of Zadanie.\"><\/object><a id=\"wp-block-file--media-514a360f-5a6e-4015-89f7-c6cfe4221ae8\" href=\"https:\/\/www.ujfi.fei.stuba.sk\/wp-content\/uploads\/2025\/05\/F1_2024_LS_pisomka3_zadanie_web.pdf\">Zadanie<\/a><a href=\"https:\/\/www.ujfi.fei.stuba.sk\/wp-content\/uploads\/2025\/05\/F1_2024_LS_pisomka3_zadanie_web.pdf\" class=\"wp-block-file__button wp-element-button\" download aria-describedby=\"wp-block-file--media-514a360f-5a6e-4015-89f7-c6cfe4221ae8\">Stiahnu\u0165<\/a><\/div>\n<\/div>\n\n\n\n<div class=\"wp-block-column is-layout-flow wp-block-column-is-layout-flow\">\n<div data-wp-interactive=\"core\/file\" class=\"wp-block-file\"><object data-wp-bind--hidden=\"!state.hasPdfPreview\" hidden class=\"wp-block-file__embed\" data=\"https:\/\/www.ujfi.fei.stuba.sk\/wp-content\/uploads\/2024\/05\/F1-LS-2024-P3-riesenie.pdf\" type=\"application\/pdf\" style=\"width:100%;height:320px\" aria-label=\"Embed of Rie\u0161enie.\"><\/object><a id=\"wp-block-file--media-3f17ebf9-6b4f-4e43-a4db-ab6fda6ab3b6\" href=\"https:\/\/www.ujfi.fei.stuba.sk\/wp-content\/uploads\/2024\/05\/F1-LS-2024-P3-riesenie.pdf\">Rie\u0161enie<\/a><a href=\"https:\/\/www.ujfi.fei.stuba.sk\/wp-content\/uploads\/2024\/05\/F1-LS-2024-P3-riesenie.pdf\" class=\"wp-block-file__button wp-element-button\" download aria-describedby=\"wp-block-file--media-3f17ebf9-6b4f-4e43-a4db-ab6fda6ab3b6\">Stiahnu\u0165<\/a><\/div>\n<\/div>\n<\/div>\n\n\n\n<h2 class=\"wp-block-heading\">Hodnotenie predmetu<\/h2>\n\n\n\n<h3 class=\"wp-block-heading\"><strong>Semester<\/strong><\/h3>\n\n\n\n<p>Povinn\u00e1 \u00fa\u010das\u0165 na cvi\u010deniach.<br>Absolvovanie a vypracovanie v\u0161etk\u00fdch laborat\u00f3rnych \u00faloh.<br>Body za laborat\u00f3rne \u00falohy \u2013 maxim\u00e1lne 16 bodov<br>Dve priebe\u017en\u00e9 p\u00edsomky po\u010das semestra \u2013 maxim\u00e1lne 30 bodov<br>Aby mohol \u0161tudent \u00eds\u0165 na sk\u00fa\u0161ku, mus\u00ed po\u010das semestra z\u00edska\u0165 <strong>minim\u00e1lne 25 bodov<\/strong>.<\/p>\n\n\n\n<h3 class=\"wp-block-heading\"><strong>Mimoriadna podmienka na vykonanie sk\u00fa\u0161ky<\/strong><\/h3>\n\n\n\n<p>V pr\u00edpade, \u017ee \u0161tudent m\u00e1 absolvovan\u00e9 v\u0161etky laborat\u00f3rne \u00falohy a z\u00edskal z priebe\u017en\u00fdch p\u00edsomiek dokopy minim\u00e1lne 9 bodov, m\u00f4\u017ee sa podmiene\u010dne z\u00fa\u010dastni\u0165 prv\u00e9ho term\u00ednu sk\u00fa\u0161ky. Na \u00faspe\u0161n\u00e9 ukon\u010denie predmetu mus\u00ed v \u010do najkrat\u0161om \u010dase splni\u0165 obvykl\u00e9 podmienky na vykonanie sk\u00fa\u0161ky. T\u00e1to v\u00fdnimka sa u\u017e net\u00fdka druh\u00e9ho term\u00ednu sk\u00fa\u0161ky.<\/p>\n\n\n\n<h3 class=\"wp-block-heading\"><strong>Sk\u00fa\u0161ka<\/strong><\/h3>\n\n\n\n<p>Sk\u00fa\u0161ka bude p\u00edsomn\u00e1 s mo\u017enos\u0165ou \u00fastneho dosk\u00fa\u0161ania.<br>Za sk\u00fa\u0161ku mo\u017eno z\u00edska\u0165 maxim\u00e1lne 54 bodov, ktor\u00e9 sa pripo\u010d\u00edtaj\u00fa k bodom z\u00edskan\u00fdm po\u010das semestra.<br><br>\u0160tudent, ktor\u00fd sa nez\u00fa\u010dastn\u00ed sk\u00fa\u0161ky z\u00edska zn\u00e1mku Fx. Inak sa v\u00fdsledn\u00e1 zn\u00e1mka ur\u010d\u00ed na z\u00e1klade z\u00edskan\u00fdch bodov pod\u013ea klasifika\u010dnej stupnice FEI STU v Bratislave.<\/p>\n","protected":false},"excerpt":{"rendered":"<p>Webov\u00e1 str\u00e1nka predmetov fyzika 1 a semin\u00e1r z fyziky 1 v letnom semestri akademick\u00e9ho roka 2023\/2024.Juraj Chlp\u00edk, miestnos\u0165 A 314, email: juraj.chlpik@stuba.sk U\u017eito\u010dn\u00e9 odkazy Laborat\u00f3rne \u00falohy | Met\u00f3dy spracovania meran\u00ed | Line\u00e1rna regresia | Line\u00e1rna regresia v Exceli | Zbierka \u00faloh (J. Cir\u00e1k) | Pr\u00edklady na precvi\u010denie | D. Ilkovi\u010d: Fyzika | Sylabus Z\u00e1kladn\u00e9 inform\u00e1cie SylabusStiahnu\u0165 \u0160tudijn\u00e9 programy automobilov\u00e1 mechatronika, elektroenergetika, elektrotechnika, jadrov\u00e9 a fyzik\u00e1lne in\u017einierstvo Rozsah 2 hodiny predn\u00e1\u0161ok a 2 hodiny cvi\u010den\u00ed t\u00fd\u017edenne, 2 hodiny semin\u00e1rPredn\u00e1\u0161ka: utorok 15.00 \u2013 16.40 DE 300Semin\u00e1r: \u0161tvrtok 15.00 \u2013 16.40 AB 300 Cvi\u010denia utorok 8.00 A 204, 10.00 A 204,piatok 8.00 A&#8230; <\/p>\n","protected":false},"author":5,"featured_media":937,"parent":55,"menu_order":0,"comment_status":"closed","ping_status":"closed","template":"template-no-sidebar.php","meta":{"footnotes":""},"class_list":["post-981","page","type-page","status-publish","has-post-thumbnail","hentry"],"_links":{"self":[{"href":"https:\/\/www.ujfi.fei.stuba.sk\/en\/wp-json\/wp\/v2\/pages\/981","targetHints":{"allow":["GET"]}}],"collection":[{"href":"https:\/\/www.ujfi.fei.stuba.sk\/en\/wp-json\/wp\/v2\/pages"}],"about":[{"href":"https:\/\/www.ujfi.fei.stuba.sk\/en\/wp-json\/wp\/v2\/types\/page"}],"author":[{"embeddable":true,"href":"https:\/\/www.ujfi.fei.stuba.sk\/en\/wp-json\/wp\/v2\/users\/5"}],"replies":[{"embeddable":true,"href":"https:\/\/www.ujfi.fei.stuba.sk\/en\/wp-json\/wp\/v2\/comments?post=981"}],"version-history":[{"count":2,"href":"https:\/\/www.ujfi.fei.stuba.sk\/en\/wp-json\/wp\/v2\/pages\/981\/revisions"}],"predecessor-version":[{"id":2155,"href":"https:\/\/www.ujfi.fei.stuba.sk\/en\/wp-json\/wp\/v2\/pages\/981\/revisions\/2155"}],"up":[{"embeddable":true,"href":"https:\/\/www.ujfi.fei.stuba.sk\/en\/wp-json\/wp\/v2\/pages\/55"}],"wp:featuredmedia":[{"embeddable":true,"href":"https:\/\/www.ujfi.fei.stuba.sk\/en\/wp-json\/wp\/v2\/media\/937"}],"wp:attachment":[{"href":"https:\/\/www.ujfi.fei.stuba.sk\/en\/wp-json\/wp\/v2\/media?parent=981"}],"curies":[{"name":"wp","href":"https:\/\/api.w.org\/{rel}","templated":true}]}}