{"id":790,"date":"2023-10-25T13:39:31","date_gmt":"2023-10-25T12:39:31","guid":{"rendered":"https:\/\/www.ujfi.fei.stuba.sk\/wordpress\/?page_id=790"},"modified":"2025-01-14T16:49:25","modified_gmt":"2025-01-14T15:49:25","slug":"digitalna-podpora-predmetov-fyzikalneho-inzinierstva-2","status":"publish","type":"page","link":"https:\/\/www.ujfi.fei.stuba.sk\/en\/studijne-materialy\/digitalna-podpora-predmetov-fyzikalneho-inzinierstva-2\/","title":{"rendered":"Digit\u00e1lna podpora predmetov fyzik\u00e1lneho in\u017einierstva"},"content":{"rendered":"\n<p>Elektronick\u00e9 \u0161tudijn\u00e9 materi\u00e1ly a \u00falohy vy\u017eaduj\u00face numerick\u00e9 rie\u0161enie a\/alebo spracovanie v\u00fdsledkov na smartf\u00f3noch, tabletoch alebo po\u010d\u00edta\u010doch. Tvorba materi\u00e1lov je podporen\u00e1 prostredn\u00edctvom projektu KEGA Digit\u00e1lna podpora predmetov fyzik\u00e1lneho in\u017einierstva 006STU-4\/2022<\/p>\n\n\n\n<h2 class=\"wp-block-heading\">Rozdelenie pod\u013ea predmetov<\/h2>\n\n\n\n<h3 class=\"wp-block-heading\">Aplikovan\u00e1 optika<\/h3>\n\n\n\n<ul class=\"wp-block-list\">\n<li>U\u010debn\u00e9 texty s pr\u00edkladmi v jazyku Python: <a href=\"http:\/\/www.kf.elf.stuba.sk\/~bokes\/DPPFI\/AO\/01_Index_lomu.pdf\">Index lomu<\/a> a <a href=\"http:\/\/www.kf.elf.stuba.sk\/~bokes\/DPPFI\/AO\/Si_Schinke.csv\">d\u00e1ta k \u00falohe<\/a>, <a href=\"http:\/\/www.kf.elf.stuba.sk\/~bokes\/DPPFI\/AO\/02_Cauchyho_model.pdf\">Cauchyho model<\/a>, <a href=\"http:\/\/www.kf.elf.stuba.sk\/~bokes\/DPPFI\/AO\/03_Sellmeierov_model.pdf\">Sellmayerov model<\/a>, <a href=\"http:\/\/www.kf.elf.stuba.sk\/~bokes\/DPPFI\/AO\/04_Lorentzov_model.pdf\">Lorentzov model<\/a>, <a href=\"http:\/\/www.kf.elf.stuba.sk\/~bokes\/DPPFI\/AO\/05_Index_lomu_optickych_skiel.pdf\">Index lomu optick\u00fdch skiel<\/a>. <\/li>\n<\/ul>\n\n\n\n<h3 class=\"wp-block-heading\">Elektr\u00f3nov\u00e1 \u0161trukt\u00fara l\u00e1tok<\/h3>\n\n\n\n<ul class=\"wp-block-list\">\n<li>\u0160tudijn\u00fd text k predmetu v sloven\u010dine, form\u00e1t&nbsp;<a href=\"http:\/\/kf.elf.stuba.sk\/~bokes\/DPPFI\/ESL\/ESL_sk_20221228_A4.pdf\">A4<\/a>\/<a href=\"http:\/\/kf.elf.stuba.sk\/~bokes\/DPPFI\/ESL\/ESL_sk_20221228_A5.pdf\">A5<\/a>&nbsp;a v angli\u010dtine, form\u00e1t&nbsp;<a href=\"http:\/\/kf.elf.stuba.sk\/~bokes\/DPPFI\/ESL\/ESL_en_20221228_A4.pdf\">A4<\/a>\/<a href=\"http:\/\/kf.elf.stuba.sk\/~bokes\/DPPFI\/ESL\/ESL_en_20221228_A5.pdf\">A5<\/a>.<\/li>\n\n\n\n<li>N\u00e1vody a \u0161abl\u00f3ny k programu CP2K , form\u00e1t <a href=\"http:\/\/kf.elf.stuba.sk\/~bokes\/DPPFI\/ESL\/priklady_vypoctov_s_CP2K_v2_A4.pdf\">A4<\/a>\/<a href=\"http:\/\/kf.elf.stuba.sk\/~bokes\/DPPFI\/ESL\/priklady_vypoctov_s_CP2K_v2_A5.pdf\">A5<\/a>.<\/li>\n<\/ul>\n\n\n\n<h3 class=\"wp-block-heading\">Fyzika 1, 2<\/h3>\n\n\n\n<ul class=\"wp-block-list\">\n<li>Demon\u0161tr\u00e1cia Coulombovho z\u00e1kona:&nbsp;<a href=\"http:\/\/kf.elf.stuba.sk\/~bokes\/DPPFI\/F2\/F2-Coulomb-law-experiment.pdf\">Dokument\u00e1cia<\/a>,&nbsp;<a href=\"https:\/\/youtu.be\/TKIKlRTDDk8\">video<\/a>,&nbsp;<a href=\"http:\/\/kf.elf.stuba.sk\/~bokes\/DPPFI\/F2\/Coulomb.m\">GNU Octave skript<\/a>.<\/li>\n\n\n\n<li>Vizualiz\u00e1cia elektrick\u00e9ho po\u013ea bodov\u00fdch n\u00e1bojov:&nbsp;<a href=\"http:\/\/kf.elf.stuba.sk\/~bokes\/DPPFI\/F2\/F2-Vector-field-point-charges.pdf\">Dokument\u00e1cia<\/a>,&nbsp;<a href=\"http:\/\/kf.elf.stuba.sk\/~bokes\/DPPFI\/F2\/PoleBodovychNabojov.m\">GNU Octave skript<\/a>, <a href=\"http:\/\/kf.elf.stuba.sk\/~bokes\/DPPFI\/F2\/Pole_a_potencial_bodovych_nabojov.py\">Pole_a_potencial_bodovych_nabojov.py<\/a> <\/li>\n\n\n\n<li>Druh\u00e9 vydanie vybran\u00fdch kapitol z I. \u010cerve\u0148, P. Bokes: Fyzika po kapitol\u00e1ch, STU Bratislava (2023): <a href=\"http:\/\/www.kf.elf.stuba.sk\/~bokes\/DPPFI\/FPK\/8%20ElstatPole_2023-2.pdf\">8 Elektrostatick\u00e9 pole<\/a>, <a href=\"http:\/\/www.kf.elf.stuba.sk\/~bokes\/DPPFI\/FPK\/9%20ElekPrud_2023-1.pdf\">9 Elektrick\u00fd pr\u00fad<\/a>, <a href=\"http:\/\/www.kf.elf.stuba.sk\/~bokes\/DPPFI\/FPK\/10%20MagPole_2023-1.pdf\">10 Magnetick\u00e9 pole<\/a>, <a href=\"http:\/\/www.kf.elf.stuba.sk\/~bokes\/DPPFI\/FPK\/11%20ElmagPole_2023-1.pdf\">11 Elektromagnetick\u00e9 pole<\/a>. <\/li>\n<\/ul>\n\n\n\n<h3 class=\"wp-block-heading\">Fyzika tuh\u00fdch l\u00e1tok<\/h3>\n\n\n\n<ul class=\"wp-block-list\">\n<li>Vizualiz\u00e1cia kry\u0161t\u00e1lov\u00fdch \u0161trukt\u00far Si, GaAs, a. i. pomocou Jmol:&nbsp;<a href=\"http:\/\/kf.elf.stuba.sk\/~bokes\/DPPFI\/FTL\/FTL-Jmol.zip\">FTL-Jmol.zip<\/a><\/li>\n\n\n\n<li>\u00daloha na Einsteinov model tepelnej kapacity tuh\u00fdch l\u00e1tok: <a href=\"http:\/\/www.kf.elf.stuba.sk\/~bokes\/DPPFI\/FTL\/FTL-Einsteinov-model.pdf\">FTL-Einsteinov-model.pdf<\/a><\/li>\n\n\n\n<li>Pribl\u0131\u0301\u017eenie tesnej v\u00e4zby pre 1D at\u00f3mov\u00fa retiazku: <a href=\"http:\/\/www.kf.elf.stuba.sk\/~bokes\/DPPFI\/FTL\/TesnaVazba_1D.pdf\">TesnaVazba_1D.pdf<\/a>, <a href=\"http:\/\/www.kf.elf.stuba.sk\/~bokes\/DPPFI\/FTL\/two_orbitals.py\">two_orbitals.py<\/a>.<\/li>\n<\/ul>\n\n\n\n<h3 class=\"wp-block-heading\">Fyzik\u00e1lne modelovanie v po\u010d\u00edta\u010dov\u00fdch hr\u00e1ch<\/h3>\n\n\n\n<ul class=\"wp-block-list\">\n<li>Programy tutori\u00e1lu pou\u017e\u00edvania OpenGL\/FreeGLUT kni\u017enice v C:&nbsp;<a href=\"http:\/\/kf.elf.stuba.sk\/~bokes\/DPPFI\/FMPH\/FMPH_01-14.zip\">FMPH_01-14.zip<\/a><\/li>\n<\/ul>\n\n\n\n<h3 class=\"wp-block-heading\">Kvantov\u00e1 mechanika<\/h3>\n\n\n\n<ul class=\"wp-block-list\">\n<li>Vizualiz\u00e1cia rozvoja line\u00e1rnej lomenej funkcie do stacion\u00e1rnych stavov:&nbsp;<a href=\"http:\/\/kf.elf.stuba.sk\/~bokes\/DPPFI\/KvaMe\/Pociatocna_podmienka_v_jame.m\">GNU Octave skript<\/a>.<\/li>\n\n\n\n<li>Vizualiz\u00e1cia a v\u00fdpo\u010det dynamiky \u010dastice v nekone\u010dne-hlbokej potenci\u00e1lovej jame:&nbsp;<a href=\"http:\/\/kf.elf.stuba.sk\/~bokes\/DPPFI\/KvaMe\/Propagovanie_v_jame.m\">GNU Octave skript<\/a>.<\/li>\n\n\n\n<li>Rozptyl \u00fazkeho vlnov\u00e9ho bal\u00edka na potenci\u00e1lovej bari\u00e9re:&nbsp;<a href=\"http:\/\/kf.elf.stuba.sk\/~bokes\/DPPFI\/KvaMe\/Uzky_vlnovy_balik_na_bariere.m\">GNU Octave skript<\/a>.<\/li>\n\n\n\n<li>Druh\u00e9 vydanie 13. kapitoly z I. \u010cerve\u0148, P. Bokes: Fyzika po kapitol\u00e1ch, STU Bratislava (2023): <a href=\"http:\/\/www.kf.elf.stuba.sk\/~bokes\/DPPFI\/FPK\/13%20KvantoveJavy_2023-2.pdf\">13 Kvantov\u00e9 javy<\/a>.<\/li>\n\n\n\n<li>Kni\u017enica ot\u00e1zok z kvantovej mechaniky pre Anki: <a href=\"http:\/\/kf.elf.stuba.sk\/~bokes\/DPPFI\/KvaMe\/KvantovaMechanika.apkg\">KvantovaMechanika.apkg <\/a><\/li>\n<\/ul>\n\n\n\n<h3 class=\"wp-block-heading\">Termomechanika<\/h3>\n\n\n\n<ul class=\"wp-block-list\">\n<li>In\u0161tal\u00e1cia programov gmsh, Elmer a Paraview: <a href=\"http:\/\/www.kf.elf.stuba.sk\/~bokes\/DPPFI\/TMM\/Instalacia_a_test_GmshElmerParaView-Ubuntu.pdf\">n\u00e1vod pre Ubuntu<\/a>, <a href=\"http:\/\/www.kf.elf.stuba.sk\/~bokes\/DPPFI\/TMM\/Instalacia_a_test_GmshElmerParaView-MS_Windows.pdf\">n\u00e1vod pre MS Windows<\/a>, <a href=\"http:\/\/www.kf.elf.stuba.sk\/~bokes\/DPPFI\/TMM\/vstupne_subory.zip\">testovacie s\u00fabory<\/a>.<\/li>\n\n\n\n<li>Prv\u00e9 kroky v gmsh: <a href=\"http:\/\/www.kf.elf.stuba.sk\/~bokes\/DPPFI\/TMM\/Tutorial_gmsh.pdf\">tutori\u00e1l<\/a>, <a href=\"https:\/\/www.youtube.com\/playlist?list=PLAwiQLVcBdnjWCI_iO2K3cXGwM_uvAiXu\">vide\u00e1<\/a>.<\/li>\n\n\n\n<li>Druh\u00e9 vydanie 5. kapitoly z I. \u010cerve\u0148, P. Bokes: Fyzika po kapitol\u00e1ch, STU Bratislava (2023): <a href=\"http:\/\/www.kf.elf.stuba.sk\/~bokes\/DPPFI\/FPK\/5%20GravHydro_2023-1.pdf\">5 Hydromechanika <\/a>.<\/li>\n\n\n\n<li><a href=\"https:\/\/www.stuba.sk\/spektrum-doi\/10.61544\/wvvr4272.html?page_id=17006\">P. Bokes: Termodynamika a prestup tepla, STU Bratislava (2024).<\/a><\/li>\n<\/ul>\n\n\n\n<p><\/p>\n\n\n\n<h2 class=\"wp-block-heading\">Rozdelenie pod\u013ea programov<\/h2>\n\n\n\n<p class=\"has-black-color has-text-color has-link-color has-medium-font-size wp-elements-946b892fd3e33e6a79dd49565b0d83bc\"><strong>Anki<\/strong><\/p>\n\n\n\n<ul class=\"wp-block-list\">\n<li><a href=\"https:\/\/apps.ankiweb.net\/\">Domovsk\u00e1 str\u00e1nka Anki<\/a><\/li>\n\n\n\n<li>Motiva\u010dn\u00fd <a href=\"https:\/\/youtu.be\/Hm8sRBWvn7k?feature=shared\">video tutori\u00e1l <\/a>aj k pou\u017e\u00edvaniu Anki od Patrika &#8220;Zero&#8221;, b\u00fdval\u00e9ho \u0161tudenta FEI STU <\/li>\n<\/ul>\n\n\n\n<p>Vyu\u017e\u00edvan\u00e9 pre:<\/p>\n\n\n\n<ul class=\"wp-block-list\">\n<li>Kni\u017enica ot\u00e1zok z kvantovej mechaniky pre Anki: <a href=\"http:\/\/kf.elf.stuba.sk\/~bokes\/DPPFI\/KvaMe\/KvantovaMechanika.apkg\">KvantovaMechanika.apkg <\/a><\/li>\n<\/ul>\n\n\n\n<h3 class=\"wp-block-heading\">C<\/h3>\n\n\n\n<ul class=\"wp-block-list\">\n<li>Programy tutori\u00e1lu pou\u017e\u00edvania OpenGL\/FreeGLUT kni\u017enice v C:&nbsp;<a href=\"http:\/\/kf.elf.stuba.sk\/~bokes\/DPPFI\/FMPH\/FMPH_01-14.zip\">FMPH_01-14.zip<\/a><\/li>\n<\/ul>\n\n\n\n<h3 class=\"wp-block-heading\">GNU Octave<\/h3>\n\n\n\n<ul class=\"wp-block-list\">\n<li><a href=\"https:\/\/docs.octave.org\/interpreter\/\">Manu\u00e1l GNU Octave<\/a><\/li>\n\n\n\n<li>Anoc Octave Editor pre&nbsp;<a href=\"https:\/\/play.google.com\/store\/apps\/details?id=verbosus.anoclite&amp;hl=en&amp;gl=US&amp;pli=1\">Android OS<\/a>&nbsp;aj&nbsp;<a href=\"https:\/\/apps.apple.com\/us\/app\/anoc-pro-octave-editor\/id597864931\">iOS<\/a>.<\/li>\n<\/ul>\n\n\n\n<p>Vyu\u017e\u00edvan\u00e9 pre:<\/p>\n\n\n\n<ul class=\"wp-block-list\">\n<li>Demon\u0161tr\u00e1cia Coulombovho z\u00e1kona:&nbsp;<a href=\"http:\/\/kf.elf.stuba.sk\/~bokes\/DPPFI\/F2\/F2-Coulomb-law-experiment.pdf\">Dokument\u00e1cia<\/a>,&nbsp;<a href=\"https:\/\/youtu.be\/TKIKlRTDDk8\">video<\/a>,&nbsp;<a href=\"http:\/\/kf.elf.stuba.sk\/~bokes\/DPPFI\/F2\/Coulomb.m\">GNU Octave skript<\/a>.<\/li>\n\n\n\n<li>Vizualiz\u00e1cia elektrick\u00e9ho po\u013ea bodov\u00fdch n\u00e1bojov:&nbsp;<a href=\"http:\/\/kf.elf.stuba.sk\/~bokes\/DPPFI\/F2\/F2-Vector-field-point-charges.pdf\">Dokument\u00e1cia<\/a>,&nbsp;<a href=\"http:\/\/kf.elf.stuba.sk\/~bokes\/DPPFI\/F2\/PoleBodovychNabojov.m\">GNU Octave skript<\/a>.<\/li>\n\n\n\n<li>Vizualiz\u00e1cia rozvoja line\u00e1rnej lomenej funkcie do stacion\u00e1rnych stavov:&nbsp;<a href=\"http:\/\/kf.elf.stuba.sk\/~bokes\/DPPFI\/KvaMe\/Pociatocna_podmienka_v_jame.m\">GNU Octave skript<\/a>.<\/li>\n\n\n\n<li>Vizualiz\u00e1cia a v\u00fdpo\u010det dynamiky \u010dastice v nekone\u010dne-hlbokej potenci\u00e1lovej jame:&nbsp;<a href=\"http:\/\/kf.elf.stuba.sk\/~bokes\/DPPFI\/KvaMe\/Propagovanie_v_jame.m\">GNU Octave skript<\/a>.<\/li>\n\n\n\n<li>Rozptyl \u00fazkeho vlnov\u00e9ho bal\u00edka na potenci\u00e1lovej bari\u00e9re:&nbsp;<a href=\"http:\/\/kf.elf.stuba.sk\/~bokes\/DPPFI\/KvaMe\/Uzky_vlnovy_balik_na_bariere.m\">GNU Octave skript<\/a>.<\/li>\n<\/ul>\n\n\n\n<h3 class=\"wp-block-heading\">Jmol<\/h3>\n\n\n\n<ul class=\"wp-block-list\">\n<li><a href=\"https:\/\/jmol.sourceforge.net\/\">Jmol: an open-source Java viewer for chemical structures in 3D<\/a>.<\/li>\n<\/ul>\n\n\n\n<p>Vyu\u017e\u00edvan\u00e9 pre:<\/p>\n\n\n\n<ul class=\"wp-block-list\">\n<li>Vizualiz\u00e1cia kry\u0161t\u00e1lov\u00fdch \u0161trukt\u00far Si, GaAs, a. i. pomocou Jmol:&nbsp;<a href=\"http:\/\/kf.elf.stuba.sk\/~bokes\/DPPFI\/FTL\/FTL-Jmol.zip\">FTL-Jmol.zip<\/a><\/li>\n<\/ul>\n\n\n\n<h3 class=\"wp-block-heading\">Python<\/h3>\n\n\n\n<ul class=\"wp-block-list\">\n<li>U\u010debn\u00e9 texty s pr\u00edkladmi v jazyku Python: <a href=\"http:\/\/www.kf.elf.stuba.sk\/~bokes\/DPPFI\/AO\/01_Index_lomu.pdf\">Index lomu<\/a> a <a href=\"http:\/\/www.kf.elf.stuba.sk\/~bokes\/DPPFI\/AO\/Si_Schinke.csv\">d\u00e1ta k \u00falohe<\/a>, <a href=\"http:\/\/www.kf.elf.stuba.sk\/~bokes\/DPPFI\/AO\/02_Cauchyho_model.pdf\">Cauchyho model<\/a>, <a href=\"http:\/\/www.kf.elf.stuba.sk\/~bokes\/DPPFI\/AO\/03_Sellmeierov_model.pdf\">Sellmayerov model<\/a>, <a href=\"http:\/\/www.kf.elf.stuba.sk\/~bokes\/DPPFI\/AO\/04_Lorentzov_model.pdf\">Lorentzov model<\/a>, <a href=\"http:\/\/www.kf.elf.stuba.sk\/~bokes\/DPPFI\/AO\/05_Index_lomu_optickych_skiel.pdf\">Index lomu optick\u00fdch skiel<\/a>. <\/li>\n\n\n\n<li>\u00daloha na Einsteinov model tepelnej kapacity tuh\u00fdch l\u00e1tok: <a href=\"http:\/\/www.kf.elf.stuba.sk\/~bokes\/DPPFI\/FTL\/FTL-Einsteinov-model.pdf\">FTL-Einsteinov-model.pdf<\/a>.<\/li>\n\n\n\n<li>Pribl\u0131\u0301\u017eenie tesnej v\u00e4zby pre 1D at\u00f3mov\u00fa retiazku: <a href=\"http:\/\/www.kf.elf.stuba.sk\/~bokes\/DPPFI\/FTL\/TesnaVazba_1D.pdf\">TesnaVazba_1D.pdf<\/a>, <a href=\"http:\/\/www.kf.elf.stuba.sk\/~bokes\/DPPFI\/FTL\/two_orbitals.py\">two_orbitals.py<\/a>.<\/li>\n\n\n\n<li>Vizualiz\u00e1cia elektrick\u00e9ho po\u013ea bodov\u00fdch n\u00e1bojov: <a href=\"http:\/\/kf.elf.stuba.sk\/~bokes\/DPPFI\/F2\/Pole_a_potencial_bodovych_nabojov.py\">Pole_a_potencial_bodovych_nabojov.py<\/a><\/li>\n<\/ul>\n\n\n\n<p><\/p>\n","protected":false},"excerpt":{"rendered":"<p>Elektronick\u00e9 \u0161tudijn\u00e9 materi\u00e1ly a \u00falohy vy\u017eaduj\u00face numerick\u00e9 rie\u0161enie a\/alebo spracovanie v\u00fdsledkov na smartf\u00f3noch, tabletoch alebo po\u010d\u00edta\u010doch. Tvorba materi\u00e1lov je podporen\u00e1 prostredn\u00edctvom projektu KEGA Digit\u00e1lna podpora predmetov fyzik\u00e1lneho in\u017einierstva 006STU-4\/2022 Rozdelenie pod\u013ea predmetov Aplikovan\u00e1 optika U\u010debn\u00e9 texty s pr\u00edkladmi v jazyku Python: Index lomu a d\u00e1ta k \u00falohe, Cauchyho model, Sellmayerov model, Lorentzov model, Index lomu optick\u00fdch skiel. Elektr\u00f3nov\u00e1 \u0161trukt\u00fara l\u00e1tok \u0160tudijn\u00fd text k predmetu v sloven\u010dine, form\u00e1t&nbsp;A4\/A5&nbsp;a v angli\u010dtine, form\u00e1t&nbsp;A4\/A5. N\u00e1vody a \u0161abl\u00f3ny k programu CP2K , form\u00e1t A4\/A5. Fyzika 1, 2 Demon\u0161tr\u00e1cia Coulombovho z\u00e1kona:&nbsp;Dokument\u00e1cia,&nbsp;video,&nbsp;GNU Octave skript. Vizualiz\u00e1cia elektrick\u00e9ho po\u013ea bodov\u00fdch n\u00e1bojov:&nbsp;Dokument\u00e1cia,&nbsp;GNU Octave skript, Pole_a_potencial_bodovych_nabojov.py Druh\u00e9 vydanie vybran\u00fdch kapitol z&#8230; <\/p>\n","protected":false},"author":1,"featured_media":635,"parent":55,"menu_order":0,"comment_status":"closed","ping_status":"closed","template":"template-full-width.php","meta":{"footnotes":""},"class_list":["post-790","page","type-page","status-publish","has-post-thumbnail","hentry"],"_links":{"self":[{"href":"https:\/\/www.ujfi.fei.stuba.sk\/en\/wp-json\/wp\/v2\/pages\/790","targetHints":{"allow":["GET"]}}],"collection":[{"href":"https:\/\/www.ujfi.fei.stuba.sk\/en\/wp-json\/wp\/v2\/pages"}],"about":[{"href":"https:\/\/www.ujfi.fei.stuba.sk\/en\/wp-json\/wp\/v2\/types\/page"}],"author":[{"embeddable":true,"href":"https:\/\/www.ujfi.fei.stuba.sk\/en\/wp-json\/wp\/v2\/users\/1"}],"replies":[{"embeddable":true,"href":"https:\/\/www.ujfi.fei.stuba.sk\/en\/wp-json\/wp\/v2\/comments?post=790"}],"version-history":[{"count":0,"href":"https:\/\/www.ujfi.fei.stuba.sk\/en\/wp-json\/wp\/v2\/pages\/790\/revisions"}],"up":[{"embeddable":true,"href":"https:\/\/www.ujfi.fei.stuba.sk\/en\/wp-json\/wp\/v2\/pages\/55"}],"wp:featuredmedia":[{"embeddable":true,"href":"https:\/\/www.ujfi.fei.stuba.sk\/en\/wp-json\/wp\/v2\/media\/635"}],"wp:attachment":[{"href":"https:\/\/www.ujfi.fei.stuba.sk\/en\/wp-json\/wp\/v2\/media?parent=790"}],"curies":[{"name":"wp","href":"https:\/\/api.w.org\/{rel}","templated":true}]}}