{"id":59,"date":"2023-09-21T07:58:44","date_gmt":"2023-09-21T06:58:44","guid":{"rendered":"https:\/\/www.ujfi.fei.stuba.sk\/wordpress\/?page_id=59"},"modified":"2026-03-06T22:00:14","modified_gmt":"2026-03-06T21:00:14","slug":"pracovnici","status":"publish","type":"page","link":"https:\/\/www.ujfi.fei.stuba.sk\/en\/pracovnici\/","title":{"rendered":"STAFF"},"content":{"rendered":"\r\n<div class=\"services-box\" id=\"\">\t\n\t\t\t\t\t<h3>Professors<\/h3>\n\t\t\t\t\t<p>\r\nprof. Ing. Marcel Miglierini, DrSc.<br>\r\nprof. Ing. Vladim\u00edr Ne\u010das, PhD.<br>\r\nprof. Ing. M\u00e1rius Pavlovi\u010d, PhD.<br>\r\nprof. Ing. Vladim\u00edr Sluge\u0148, PhD.<br>\r\ndoc. Ing. Andrea \u0160ag\u00e1tov\u00e1, PhD.\r\n<\/p>\t\t\t\t\t\t\n\t\t\t\t<\/div>\r\n\r\n<div class=\"services-box\" id=\"\">\t\n\t\t\t\t\t<h3>Associate Professors<\/h3>\n\t\t\t\t\t<p>\r\ndoc. Ing. Peter Bokes, PhD.<br>\r\nIng. \u0160tefan \u010cerba, PhD.<br>\r\ndoc. Ing. Jarmila Degmov\u00e1, PhD.<br>\r\ndoc. Ing. Gabriel Farkas, PhD.<br>\r\ndoc. Ing. J\u00e1n Ha\u0161\u010d\u00edk, PhD.<br>\r\ndoc. Ing. R\u00f3bert Hinca, PhD.<br>\r\nRNDr. Juraj Chlp\u00edk, PhD.<br>\r\nMgr. Martin Kon\u00f4pka, PhD.<br>\r\ndoc. Ing. Vladim\u00edr Kr\u0161jak, PhD.<br>\r\nIng. Jakub L\u00fcley, PhD.<br>\r\ndoc. Ing. Katar\u00edna Sedla\u010dkov\u00e1, PhD.<br>\r\ndoc. RNDr. Pavol Valko, CSc.<br>\r\ndoc. Ing. Branislav Vrban, PhD.\r\n<\/p>\t\t\t\t\t\t\n\t\t\t\t<\/div>\r\n\r\n<div class=\"services-box\" id=\"\">\t\n\t\t\t\t\t<h3>Assistant Professors<\/h3>\n\t\t\t\t\t<p>\r\nRNDr. So\u0148a Kotorov\u00e1, PhD.<br>\r\nMgr. Marek Van\u010do, PhD.<br>\r\nIng. Miroslava Zemanov\u00e1 Die\u0161kov\u00e1, PhD.\r\n<\/p>\t\t\t\t\t\t\n\t\t\t\t<\/div>\r\n\r\n<div class=\"services-box\" id=\"\">\t\n\t\t\t\t\t<h3>Researchers<\/h3>\n\t\t\t\t\t<p>\r\nMgr. Goran Bulatovi\u010d, PhD.<br>\r\nIng. J\u00falius Dekan, PhD.<br>\r\nIng. Katar\u00edna Foss<br>\r\nIng. Igor Gomola, PhD.<br>\r\nIng. Veronika Lu\u010dansk\u00e1, PhD.<br>\r\nIng. Patrik Nov\u00e1k, PhD.<br>\r\nIng. Milan Pav\u00fak, PhD.<br>\r\nIng. Martin Petriska, PhD.<br>\r\nIng. Stanislav Sojak, PhD.<br>\r\nDr. Yamin Song<br>\r\nIng. Branislav Str\u00edbrnsk\u00fd, PhD.<br>\r\nIng. Jaroslav T\u00f3bik, PhD.<br>\r\nIng. Jana \u0160imeg Vetern\u00edkov\u00e1, PhD.\r\n<\/p>\t\t\t\t\t\t\n\t\t\t\t<\/div>\r\n\r\n<div class=\"services-box\" id=\"\">\t\n\t\t\t\t\t<h3>Technical and administrative staff<\/h3>\n\t\t\t\t\t<p>\r\nEva M\u00e1nikov\u00e1<br>\r\nPeter Mikula<br>\r\nZuzana V\u00e1ciov\u00e1\r\n<\/p>\t\t\t\t\t\t\n\t\t\t\t<\/div>\r\n","protected":false},"excerpt":{"rendered":"<p>Professors prof. Ing. Marcel Miglierini, DrSc. prof. Ing. Vladim\u00edr Ne\u010das, PhD. prof. Ing. M\u00e1rius Pavlovi\u010d, PhD. prof. Ing. Vladim\u00edr Sluge\u0148, PhD. doc. Ing. Andrea \u0160ag\u00e1tov\u00e1, PhD. Associate Professors doc. Ing. Peter Bokes, PhD. Ing. \u0160tefan \u010cerba, PhD. doc. Ing. Jarmila Degmov\u00e1, PhD. doc. Ing. Gabriel Farkas, PhD. doc. Ing. J\u00e1n Ha\u0161\u010d\u00edk, PhD. doc. Ing. R\u00f3bert Hinca, PhD. RNDr. Juraj Chlp\u00edk, PhD. Mgr. Martin Kon\u00f4pka, PhD. doc. Ing. Vladim\u00edr Kr\u0161jak, PhD. Ing. Jakub L\u00fcley, PhD. doc. Ing. Katar\u00edna Sedla\u010dkov\u00e1, PhD. doc. RNDr. Pavol Valko, CSc. doc. Ing. Branislav Vrban, PhD. Assistant Professors RNDr. So\u0148a Kotorov\u00e1, PhD. Mgr. Marek Van\u010do, PhD. Ing&#8230;. <\/p>\n","protected":false},"author":1,"featured_media":759,"parent":0,"menu_order":0,"comment_status":"closed","ping_status":"closed","template":"template-left-sidebar.php","meta":{"footnotes":""},"class_list":["post-59","page","type-page","status-publish","has-post-thumbnail","hentry"],"_links":{"self":[{"href":"https:\/\/www.ujfi.fei.stuba.sk\/en\/wp-json\/wp\/v2\/pages\/59","targetHints":{"allow":["GET"]}}],"collection":[{"href":"https:\/\/www.ujfi.fei.stuba.sk\/en\/wp-json\/wp\/v2\/pages"}],"about":[{"href":"https:\/\/www.ujfi.fei.stuba.sk\/en\/wp-json\/wp\/v2\/types\/page"}],"author":[{"embeddable":true,"href":"https:\/\/www.ujfi.fei.stuba.sk\/en\/wp-json\/wp\/v2\/users\/1"}],"replies":[{"embeddable":true,"href":"https:\/\/www.ujfi.fei.stuba.sk\/en\/wp-json\/wp\/v2\/comments?post=59"}],"version-history":[{"count":6,"href":"https:\/\/www.ujfi.fei.stuba.sk\/en\/wp-json\/wp\/v2\/pages\/59\/revisions"}],"predecessor-version":[{"id":2107,"href":"https:\/\/www.ujfi.fei.stuba.sk\/en\/wp-json\/wp\/v2\/pages\/59\/revisions\/2107"}],"wp:featuredmedia":[{"embeddable":true,"href":"https:\/\/www.ujfi.fei.stuba.sk\/en\/wp-json\/wp\/v2\/media\/759"}],"wp:attachment":[{"href":"https:\/\/www.ujfi.fei.stuba.sk\/en\/wp-json\/wp\/v2\/media?parent=59"}],"curies":[{"name":"wp","href":"https:\/\/api.w.org\/{rel}","templated":true}]}}