{"id":55,"date":"2023-09-21T07:56:51","date_gmt":"2023-09-21T06:56:51","guid":{"rendered":"https:\/\/www.ujfi.fei.stuba.sk\/wordpress\/?page_id=55"},"modified":"2026-03-24T14:57:21","modified_gmt":"2026-03-24T13:57:21","slug":"studijne-materialy","status":"publish","type":"page","link":"https:\/\/www.ujfi.fei.stuba.sk\/en\/studijne-materialy\/","title":{"rendered":"STUDY MATERIALS"},"content":{"rendered":"\r\n<p><\/p>\r\n\r\n\r\n\r\n<div class=\"accordion-box\"><h2>Physics<\/h2>\r\n     <div class=\"acc-content\">\r\n\r\n<p><a href=\"https:\/\/www.ujfi.fei.stuba.sk\/?page_id=1056\" target=\"_blank\" rel=\"noopener\">Physics and Physics 1<\/a><\/p>\r\n<p><a href=\"https:\/\/www.ujfi.fei.stuba.sk\/?page_id=1572\" target=\"_blank\" rel=\"noopener\">Physics 2<\/a><\/p>\r\n<p><a href=\"https:\/\/www.ujfi.fei.stuba.sk\/?page_id=439\" target=\"_blank\" rel=\"noopener\">Laboratory exercises<\/a><\/p>\r\n<!--<p><a href=\"https:\/\/www.ujfi.fei.stuba.sk\/predmety\/fyzika\/navody\/SpracovanieVysledkov.pdf\" target=\"_blank\" rel=\"noopener\">Methods of processing experimental results<\/a><\/p>\r\n<p><a href=\"https:\/\/www.ujfi.fei.stuba.sk\/predmety\/fyzika\/navody\/regresia-dodatok_20101022.pdf\" target=\"_blank\" rel=\"noopener\">Calculation of parameters for linear regression<\/a><\/p>\r\n<p><a href=\"https:\/\/www.ujfi.fei.stuba.sk\/predmety\/fyzika\/navody\/Linearna_regresia_v_Exceli_20110301.pdf\" target=\"_blank\" rel=\"noopener\">Linear regression in Excel<\/a><\/p> -->\r\n<p><a href=\"https:\/\/is.stuba.sk\/auth\/dok_server\/dokumenty_cteni.pl?id=174676;on=6;dok=129703;serializace=58561373:1667924702:4237:user:f43945c5477448bcdca4f5e267eb4f1e05302e79;lang=sk\" target=\"_blank\" rel=\"noopener\">Collection of problems and exercises in physics (Prof. Cir\u00e1k et al.)<\/a> | <a href=\"predmety\/fyzika\/opravy_ku_skriptam_fyz.pdf\" target=\"_blank\" rel=\"noopener\">Corrections (errata)<\/a><\/p>\r\n<p><a href=\"https:\/\/www.ujfi.fei.stuba.sk\/?page_id=443\" target=\"_blank\" rel=\"noopener\">Practice problems<\/a><\/p>\r\n<p><a href=\"https:\/\/www.ujfi.fei.stuba.sk\/?page_id=509\" target=\"_blank\" rel=\"noopener\">Dion\u00fdz Ilkovi\u010d: Physics<\/a><\/p>\r\n<p><a href=\"https:\/\/www.ujfi.fei.stuba.sk\/?page_id=1064\" target=\"_blank\" rel=\"noopener\">Physics by chapters<\/a><\/p>\r\n     <\/div>\r\n     <div class=\"clear\"><\/div>\r\n<\/div>\r\n\r\n<div class=\"accordion-box\"><h2>Bioelectronics<\/h2>\r\n     <div class=\"acc-content\">\r\n<p><a href=\"https:\/\/www.ujfi.fei.stuba.sk\/predmety\/Biofyzika\/Laboratorne_cvicenia\/Bio_L01-Lipidove_membrany_na_vode.pdf\" target=\"_blank\" rel=\"noopener\">Measurement of properties of lipid monolayers on the water surface<\/a><\/p>\r\n<p><a href=\"https:\/\/www.ujfi.fei.stuba.sk\/predmety\/Biofyzika\/Laboratorne_cvicenia\/Bio_L02-Osmoza_biomembrany.pdf\" target=\"_blank\" rel=\"noopener\">Water transport through biomembranes<\/a><\/p>\r\n<p><a href=\"https:\/\/www.ujfi.fei.stuba.sk\/predmety\/Biofyzika\/Laboratorne_cvicenia\/Bio_L03_Hrubka_membrany_kapacita.pdf\" target=\"_blank\" rel=\"noopener\">Determination of membrane thickness from capacitance measurements<\/a><\/p>\r\n<p><a href=\"https:\/\/www.ujfi.fei.stuba.sk\/predmety\/Biofyzika\/Laboratorne_cvicenia\/Bio_L04_Povrchove_napatie.pdf\" target=\"_blank\" rel=\"noopener\">Measurement of surface tension in biological solutions<\/a><\/p>\r\n<p><a href=\"https:\/\/www.ujfi.fei.stuba.sk\/predmety\/Biofyzika\/Laboratorne_cvicenia\/Bio_L05-Papierova_chromatografia.pdf\" target=\"_blank\" rel=\"noopener\">Paper chromatography<\/a><\/p>\r\n<p><a href=\"https:\/\/www.ujfi.fei.stuba.sk\/predmety\/Biofyzika\/Laboratorne_cvicenia\/Bio_L06_Meranie_biologickych_signalov_v_nerve.pdf\" target=\"_blank\" rel=\"noopener\">Measurement of bioelectric signals in a nerve<\/a><\/p>\r\n<p><a href=\"https:\/\/www.ujfi.fei.stuba.sk\/predmety\/Biofyzika\/Laboratorne_cvicenia\/Bio_L07-Absorpcne_spektra.pdf\" target=\"_blank\" rel=\"noopener\">Study of absorption spectra of plant pigments<\/a><\/p>\r\n<p><a href=\"https:\/\/www.ujfi.fei.stuba.sk\/predmety\/Biofyzika\/Laboratorne_cvicenia\/Bio_L08-TIRE.pdf\" target=\"_blank\" rel=\"noopener\">Use of ellipsometry in biosensor applications<\/a><\/p>\r\n     <\/div>\r\n     <div class=\"clear\"><\/div>\r\n<\/div>\r\n\r\n<div class=\"accordion-box\"><h2>Experimental methods<\/h2>\r\n     <div class=\"acc-content\">\r\n<p><a href=\"https:\/\/www.ujfi.fei.stuba.sk\/predmety\/EXPM\/EXPM_1.pdf\" target=\"_blank\" rel=\"noopener\">Gamma spectrometry<\/a><\/p>\r\n<p><a href=\"https:\/\/www.ujfi.fei.stuba.sk\/predmety\/EXPM\/EXPM_2.pdf\" target=\"_blank\" rel=\"noopener\">Electron\u2013positron annihilation<\/a><\/p>\r\n<p><a href=\"https:\/\/www.ujfi.fei.stuba.sk\/predmety\/EXPM\/EXPM_3.pdf\" target=\"_blank\" rel=\"noopener\">Neutron activation analysis<\/a><\/p>\r\n<p><a href=\"https:\/\/www.ujfi.fei.stuba.sk\/predmety\/EXPM\/EXPM_4.pdf\" target=\"_blank\" rel=\"noopener\">Neutron diffraction<\/a><\/p>\r\n<p><a href=\"https:\/\/www.ujfi.fei.stuba.sk\/predmety\/EXPM\/EXPM_5.pdf\" target=\"_blank\" rel=\"noopener\">M\u00f6ssbauer spectroscopy<\/a><\/p>\r\n<p><a href=\"https:\/\/www.ujfi.fei.stuba.sk\/predmety\/EXPM\/EXPM_6.pdf\" target=\"_blank\" rel=\"noopener\">M\u00f6ssbauer spectroscopy 2<\/a><\/p>\r\n<p><a href=\"https:\/\/www.ujfi.fei.stuba.sk\/predmety\/EXPM\/EXPM_7.pdf\" target=\"_blank\" rel=\"noopener\">Nuclear resonant scattering<\/a><\/p>\r\n<p><a href=\"https:\/\/www.ujfi.fei.stuba.sk\/predmety\/EXPM\/EXPM_8.pdf\" target=\"_blank\" rel=\"noopener\">X-ray fluorescence analysis<\/a><\/p>\r\n<p><a href=\"https:\/\/www.ujfi.fei.stuba.sk\/predmety\/EXPM\/EXPM_9.pdf\" target=\"_blank\" rel=\"noopener\">Atomic and magnetic force microscopy<\/a><\/p>\r\n<p><a href=\"https:\/\/www.ujfi.fei.stuba.sk\/predmety\/EXPM\/EXPM_10.pdf\" target=\"_blank\" rel=\"noopener\">RBS<\/a><\/p>\r\n<p><a href=\"https:\/\/www.ujfi.fei.stuba.sk\/predmety\/EXPM\/EXPM_11.pdf\" target=\"_blank\" rel=\"noopener\">PIXE, PIGE<\/a><\/p>\r\n<p><a href=\"https:\/\/www.ujfi.fei.stuba.sk\/predmety\/EXPM\/EXPM_12.pdf\" target=\"_blank\" rel=\"noopener\">ERDA, NRA<\/a><\/p>\r\n     <\/div>\r\n     <div class=\"clear\"><\/div>\r\n<\/div>\r\n\r\n<div class=\"accordion-box\"><h2>Environmental studies<\/h2>\r\n     <div class=\"acc-content\">\r\n<p><a href=\"https:\/\/www.ujfi.fei.stuba.sk\/predmety\/Environmentalistika\/\" target=\"_blank\" rel=\"noopener\">Lectures and supplementary materials in Environmental Studies<\/a><\/p><\/div>\r\n     <div class=\"clear\"><\/div>\r\n<\/div>\r\n\r\n<div class=\"accordion-box\"><h2>Methods of materials diagnostics<\/h2>\r\n     <div class=\"acc-content\">\r\n<p><a href=\"https:\/\/www.ujfi.fei.stuba.sk\/predmety\/MEDIM\/MEDIM-1.pdf\" target=\"_blank\" rel=\"noopener\">Classification of diagnostic methods<\/a><\/p>\r\n<p><a href=\"https:\/\/www.ujfi.fei.stuba.sk\/predmety\/MEDIM\/MEDIM-2.pdf\" target=\"_blank\" rel=\"noopener\">Structure of matter<\/a><\/p>\r\n<p><a href=\"https:\/\/www.ujfi.fei.stuba.sk\/predmety\/MEDIM\/MEDIM-3.pdf\" target=\"_blank\" rel=\"noopener\">Quantum transitions<\/a><\/p>\r\n<p><a href=\"https:\/\/www.ujfi.fei.stuba.sk\/predmety\/MEDIM\/MEDIM-4.pdf\" target=\"_blank\" rel=\"noopener\">Radiation sources<\/a><\/p>\r\n<p><a href=\"https:\/\/www.ujfi.fei.stuba.sk\/predmety\/MEDIM\/MEDIM-5.pdf\" target=\"_blank\" rel=\"noopener\">Atomic spectroscopies<\/a><\/p>\r\n<p><a href=\"https:\/\/www.ujfi.fei.stuba.sk\/predmety\/MEDIM\/MEDIM-6.pdf\" target=\"_blank\" rel=\"noopener\">Molecular spectroscopies<\/a><\/p>\r\n<p><a href=\"https:\/\/www.ujfi.fei.stuba.sk\/predmety\/MEDIM\/MEDIM-7.pdf\" target=\"_blank\" rel=\"noopener\">Mass spectrometry<\/a><\/p>\r\n<p><a href=\"https:\/\/www.ujfi.fei.stuba.sk\/predmety\/MEDIM\/MEDIM-8.pdf\" target=\"_blank\" rel=\"noopener\">Magnetic resonance imaging<\/a><\/p>\r\n<p><a href=\"https:\/\/www.ujfi.fei.stuba.sk\/predmety\/MEDIM\/MEDIM-9.pdf\" target=\"_blank\" rel=\"noopener\">Diagnostics in nuclear medicine<\/a><\/p>\r\n<p><a href=\"https:\/\/www.ujfi.fei.stuba.sk\/predmety\/MEDIM\/MEDIM-10.pdf\" target=\"_blank\" rel=\"noopener\">X-ray diffraction<\/a><\/p>\r\n<p><a href=\"https:\/\/www.ujfi.fei.stuba.sk\/predmety\/MEDIM\/MEDIM-11.pdf\" target=\"_blank\" rel=\"noopener\">X-ray fluorescence analysis<\/a><\/p>\r\n<p><a href=\"https:\/\/www.ujfi.fei.stuba.sk\/predmety\/MEDIM\/MEDIM-12.pdf\" target=\"_blank\" rel=\"noopener\">Transmission electron microscopy<\/a><\/p>\r\n\r\n     <\/div>\r\n     <div class=\"clear\"><\/div>\r\n<\/div>\r\n\r\n<div class=\"accordion-box\"><h2>Nuclear physics and technology<\/h2>\r\n     <div class=\"acc-content\">\r\n<p><a href=\"https:\/\/www.ujfi.fei.stuba.sk\/predmety\/JFT\/\" target=\"_blank\" rel=\"noopener\">Lectures and supplementary materials in Nuclear Physics and Technology<\/a><\/p><\/div>\r\n     <div class=\"clear\"><\/div>\r\n<\/div>\r\n\r\n<div class=\"accordion-box\"><h2>Dion\u00fdz Ilkovi\u010d: Physics<\/h2>\r\n     <div class=\"acc-content\"><p>The work is published with the <a href=\"http:\/\/www.kf.elf.stuba.sk\/~bokes\/DI_web\/Ilkovic_licencia.pdf\" target=\"_blank\" rel=\"noopener\">consent of the copyright holders<\/a>; scanned pages may not be published on servers other than those of the Slovak University of Technology in Bratislava.<\/p>\r\n<p><a href=\"https:\/\/www.ujfi.fei.stuba.sk\/?page_id=509\" target=\"_blank\" rel=\"noopener\">Book Dion\u00fdz Ilkovi\u010d: Physics (download)<\/a><\/p><\/div>\r\n     <div class=\"clear\"><\/div>\r\n<\/div>\r\n\r\n<div class=\"accordion-box\"><h2>Digital support for physical engineering courses<\/h2>\r\n     <div class=\"acc-content\"><p>Electronic study materials and tasks requiring numerical solutions and\/or result processing on smartphones, tablets, or computers. The development of materials is supported by the KEGA project Digital support for physical engineering courses 006STU-4\/2022.<\/p>\r\n<p><a href=\"https:\/\/www.ujfi.fei.stuba.sk\/?page_id=790\" target=\"_blank\" rel=\"noopener\">Go to the Digital support for physical engineering courses website<\/a><\/p><\/div>\r\n     <div class=\"clear\"><\/div>\r\n<\/div>\r\n<div class=\"accordion-box\"><h2>Physics by chapters<\/h2>\r\n     <div class=\"acc-content\">\r\n<p><a href=\"https:\/\/www.ujfi.fei.stuba.sk\/?page_id=1064\" target=\"_blank\" rel=\"noopener\">Second edition of selected chapters from I. \u010cerve\u0148, P. Bokes: Physics by Chapters, STU Bratislava (2023)<\/a><\/p><\/div>\r\n     <div class=\"clear\"><\/div>\r\n<\/div>\r\n\r\n<div class=\"accordion-box\"><h2>Thesis template<\/h2>\r\n     <div class=\"acc-content\">\r\n<p><a href=\"https:\/\/www.fei.stuba.sk\/sk\/studium\/informacie-o-studiu\/zaverecne-prace.html?page_id=5701#sablony\" target=\"_blank\" rel=\"noopener\">Recommended templates for bachelor\u2019s, master\u2019s, and doctoral theses for MS Word and LaTeX<\/a><\/p><\/div>\r\n     <div class=\"clear\"><\/div>\r\n<\/div>\r\n\r\n<div class=\"accordion-box\"><h2>From the INPE book archive<\/h2>\r\n     <div class=\"acc-content\">\r\n<p><a href=\"https:\/\/www.ujfi.fei.stuba.sk\/?page_id=1226\" target=\"_blank\" rel=\"noopener\">Older textbooks from the \u00daJFI archive<\/a><\/p><\/div>\r\n     <div class=\"clear\"><\/div>\r\n<\/div>\r\n\r\n\r\n","protected":false},"excerpt":{"rendered":"<p>Physics Physics and Physics 1 Physics 2 Laboratory exercises Collection of problems and exercises in physics (Prof. Cir\u00e1k et al.) | Corrections (errata) Practice problems Dion\u00fdz Ilkovi\u010d: Physics Physics by chapters Bioelectronics Measurement of properties of lipid monolayers on the water surface Water transport through biomembranes Determination of membrane thickness from capacitance measurements Measurement of surface tension in biological solutions Paper chromatography Measurement of bioelectric signals in a nerve Study of absorption spectra of plant pigments Use of ellipsometry in biosensor applications Experimental methods Gamma spectrometry Electron\u2013positron annihilation Neutron activation analysis Neutron diffraction M\u00f6ssbauer spectroscopy M\u00f6ssbauer spectroscopy 2 Nuclear resonant&#8230; <\/p>\n","protected":false},"author":1,"featured_media":937,"parent":0,"menu_order":0,"comment_status":"closed","ping_status":"closed","template":"template-full-width.php","meta":{"footnotes":""},"class_list":["post-55","page","type-page","status-publish","has-post-thumbnail","hentry"],"_links":{"self":[{"href":"https:\/\/www.ujfi.fei.stuba.sk\/en\/wp-json\/wp\/v2\/pages\/55","targetHints":{"allow":["GET"]}}],"collection":[{"href":"https:\/\/www.ujfi.fei.stuba.sk\/en\/wp-json\/wp\/v2\/pages"}],"about":[{"href":"https:\/\/www.ujfi.fei.stuba.sk\/en\/wp-json\/wp\/v2\/types\/page"}],"author":[{"embeddable":true,"href":"https:\/\/www.ujfi.fei.stuba.sk\/en\/wp-json\/wp\/v2\/users\/1"}],"replies":[{"embeddable":true,"href":"https:\/\/www.ujfi.fei.stuba.sk\/en\/wp-json\/wp\/v2\/comments?post=55"}],"version-history":[{"count":5,"href":"https:\/\/www.ujfi.fei.stuba.sk\/en\/wp-json\/wp\/v2\/pages\/55\/revisions"}],"predecessor-version":[{"id":2136,"href":"https:\/\/www.ujfi.fei.stuba.sk\/en\/wp-json\/wp\/v2\/pages\/55\/revisions\/2136"}],"wp:featuredmedia":[{"embeddable":true,"href":"https:\/\/www.ujfi.fei.stuba.sk\/en\/wp-json\/wp\/v2\/media\/937"}],"wp:attachment":[{"href":"https:\/\/www.ujfi.fei.stuba.sk\/en\/wp-json\/wp\/v2\/media?parent=55"}],"curies":[{"name":"wp","href":"https:\/\/api.w.org\/{rel}","templated":true}]}}