{"id":439,"date":"2023-09-25T15:38:43","date_gmt":"2023-09-25T14:38:43","guid":{"rendered":"https:\/\/www.ujfi.fei.stuba.sk\/wordpress\/?page_id=439"},"modified":"2026-03-07T13:13:05","modified_gmt":"2026-03-07T12:13:05","slug":"fyzika-navody-na-cvicenia","status":"publish","type":"page","link":"https:\/\/www.ujfi.fei.stuba.sk\/en\/studijne-materialy\/fyzika-navody-na-cvicenia\/","title":{"rendered":"Laborat\u00f3rne \u00falohy"},"content":{"rendered":"\n<p>Materi\u00e1ly k laborat\u00f3rnym cvi\u010deniam k predmetom fyzika, fyzika 1, fyzika 2 a fyzika 3.<\/p>\n\n\n\n<div class=\"wp-block-columns is-layout-flex wp-container-core-columns-is-layout-9d6595d7 wp-block-columns-is-layout-flex\">\n<div class=\"wp-block-column is-layout-flow wp-block-column-is-layout-flow\">\n<h2 class=\"wp-block-heading\">Pr\u00edprava na laborat\u00f3rne cvi\u010denie&nbsp;<\/h2>\n\n\n\n<p>Do laborat\u00f3ria z\u00e1kladn\u00e9ho kurzu fyziky m\u00f4\u017ee vst\u00fapi\u0165 iba riadne pripraven\u00fd \u0161tudent. Pr\u00edprava spo\u010d\u00edva v nasleduj\u00facich krokoch:<\/p>\n\n\n\n<ul class=\"wp-block-list\">\n<li>vytla\u010denie zadania a jeho&nbsp;<strong>pre\u0161tudovanie<\/strong><\/li>\n\n\n\n<li>vyplnenie z\u00e1hlavia protokolu vlastnou rukou, perom<\/li>\n\n\n\n<li>vyplnenie \u010fal\u0161\u00edch \u010dast\u00ed:&nbsp;<strong>stru\u010dn\u00fd opis<\/strong>,&nbsp;<strong>vz\u0165ahy<\/strong>,&nbsp;<strong>pr\u00edstroje<\/strong>, popr. aj&nbsp;<strong>sch\u00e9ma<\/strong>; do&nbsp;\u010dasti pre&nbsp;vz\u0165ahy treba vp\u00edsa\u0165 len tie, ktor\u00e9 sa priamo pou\u017e\u00edvaj\u00fa pri&nbsp;meran\u00ed alebo vyhodnocovan\u00ed v\u00fdsledkov a&nbsp;presnosti merania.<\/li>\n<\/ul>\n\n\n\n<p>Pr\u00edpravu ako aj n\u00e1sledn\u00e9 p\u00edsomn\u00e9 vyhodnotenie protokolu vypracuje&nbsp;<strong>ka\u017ed\u00fd \u0161tudent<\/strong>, teda nielen jeden zo&nbsp;skupiny<\/p>\n<\/div>\n\n\n\n<div class=\"wp-block-column is-layout-flow wp-block-column-is-layout-flow\">\n<h2 class=\"wp-block-heading\">Spracovanie d\u00e1t<\/h2>\n\n\n\n<p>Nasleduj\u00face dokumenty sl\u00fa\u017eia ako pom\u00f4cka pri dom\u00e1com vyhodnocovan\u00ed laborat\u00f3rnych cvi\u010den\u00ed.<\/p>\n\n\n\n<ul class=\"wp-block-list\">\n<li><a href=\"https:\/\/www.ujfi.fei.stuba.sk\/predmety\/fyzika\/navody\/SpracovanieVysledkov.pdf\" data-type=\"link\" data-id=\"https:\/\/www.ujfi.fei.stuba.sk\/predmety\/fyzika\/navody\/SpracovanieVysledkov.pdf\">Met\u00f3dy spracovania experiment\u00e1lnych v\u00fdsledkov<\/a><\/li>\n\n\n\n<li><a href=\"https:\/\/www.ujfi.fei.stuba.sk\/predmety\/fyzika\/navody\/regresia-dodatok_20101022.pdf\" data-type=\"link\" data-id=\"https:\/\/www.ujfi.fei.stuba.sk\/predmety\/fyzika\/navody\/regresia-dodatok_20101022.pdf\">V\u00fdpo\u010det parametrov pre line\u00e1rnu regresiu<\/a><\/li>\n\n\n\n<li><a href=\"https:\/\/www.ujfi.fei.stuba.sk\/predmety\/fyzika\/navody\/Linearna_regresia_v_Exceli_20110301.pdf\" data-type=\"link\" data-id=\"https:\/\/www.ujfi.fei.stuba.sk\/predmety\/fyzika\/navody\/Linearna_regresia_v_Exceli_20110301.pdf\">Line\u00e1rna regresia v Exceli<\/a><\/li>\n<\/ul>\n<\/div>\n<\/div>\n\n\n\n<h2 class=\"wp-block-heading\">Zoznam \u00faloh pre praktick\u00e9 cvi\u010denia<\/h2>\n\n\n\n<div class=\"wp-block-columns is-layout-flex wp-container-core-columns-is-layout-9d6595d7 wp-block-columns-is-layout-flex\">\n<div class=\"wp-block-column is-layout-flow wp-block-column-is-layout-flow\">\n<h3 class=\"wp-block-heading\">\u00dalohy z fyziky 1<\/h3>\n\n\n\n<p>1.&nbsp;<a href=\"https:\/\/www.ujfi.fei.stuba.sk\/predmety\/fyzika\/navody\/TiazoveZrychlenie_20130302.pdf\" data-type=\"link\" data-id=\"https:\/\/www.ujfi.fei.stuba.sk\/predmety\/fyzika\/navody\/TiazoveZrychlenie_20130302.pdf\" target=\"_blank\" rel=\"noreferrer noopener\">Ur\u010denie tia\u017eov\u00e9ho zr\u00fdchlenia reverzn\u00fdm kyvadlom<\/a><br>2.&nbsp;<a href=\"https:\/\/www.ujfi.fei.stuba.sk\/predmety\/fyzika\/navody\/MaxwellovoKyvadlo_20150928.pdf\" target=\"_blank\" rel=\"noreferrer noopener\">Maxwellovo kyvadlo<\/a><br>4.&nbsp;<a href=\"https:\/\/www.ujfi.fei.stuba.sk\/predmety\/fyzika\/navody\/MatemKyvadlo_20140221.pdf\" target=\"_blank\" rel=\"noreferrer noopener\">Matematick\u00e9 kyvadlo<\/a> | <a href=\"https:\/\/www.ujfi.fei.stuba.sk\/predmety\/fyzika\/navody\/MatemKyvadlo_doplnok.pdf\" target=\"_blank\" rel=\"noreferrer noopener\">Doplnkov\u00fd dokument<\/a><br>5.&nbsp;<a href=\"https:\/\/www.ujfi.fei.stuba.sk\/predmety\/fyzika\/navody\/RychlostZvuku_20130302.pdf\" target=\"_blank\" rel=\"noreferrer noopener\">R\u00fdchlos\u0165 zvuku<\/a><br>6.&nbsp;<a href=\"https:\/\/www.ujfi.fei.stuba.sk\/predmety\/fyzika\/navody\/TorzneKmity_20180214.pdf\" target=\"_blank\" rel=\"noreferrer noopener\">Ur\u010denie momentov zotrva\u010dnosti tuh\u00fdch telies met\u00f3dou torzn\u00fdch kmitov<\/a><br>7.&nbsp;<a href=\"https:\/\/www.ujfi.fei.stuba.sk\/predmety\/fyzika\/navody\/Dilatometer_20110214.pdf\" target=\"_blank\" rel=\"noreferrer noopener\">Meranie koeficientu d\u013a\u017ekovej roz\u0165a\u017enosti<\/a><br>8.&nbsp;<a href=\"https:\/\/www.ujfi.fei.stuba.sk\/predmety\/fyzika\/navody\/Rozpinavost_20140225.pdf\" target=\"_blank\" rel=\"noreferrer noopener\">Koeficient teplotnej rozp\u00ednavosti vzduchu<\/a><br>9.&nbsp;<a href=\"https:\/\/www.ujfi.fei.stuba.sk\/predmety\/fyzika\/navody\/ClementDesormes_20140225.pdf\" target=\"_blank\" rel=\"noreferrer noopener\">Pomer tepeln\u00fdch kapac\u00edt vzduchu<\/a><br>10.&nbsp;<a href=\"https:\/\/www.ujfi.fei.stuba.sk\/predmety\/fyzika\/navody\/ZrazkaDvochTelies_20140203.pdf\" target=\"_blank\" rel=\"noreferrer noopener\">Zr\u00e1\u017eka dvoch telies<\/a><\/p>\n<\/div>\n\n\n\n<div class=\"wp-block-column is-layout-flow wp-block-column-is-layout-flow\">\n<h3 class=\"wp-block-heading\">\u00dalohy z fyziky 2<\/h3>\n\n\n\n<p>20.&nbsp;<a href=\"https:\/\/www.ujfi.fei.stuba.sk\/predmety\/fyzika\/navody\/rc_navod.pdf\" target=\"_blank\" rel=\"noreferrer noopener\">Siemensova met\u00f3da merania odporov<\/a><br>21.&nbsp;<a href=\"https:\/\/www.ujfi.fei.stuba.sk\/predmety\/fyzika\/navody\/Struna_20110919.pdf\" target=\"_blank\" rel=\"noreferrer noopener\">Chvenie struny<\/a> | <a href=\"https:\/\/www.ujfi.fei.stuba.sk\/predmety\/fyzika\/navody\/Struna_doplnok.pdf\" target=\"_blank\" rel=\"noreferrer noopener\">Doplnkov\u00fd dokument<\/a><br>23.&nbsp;<a href=\"https:\/\/www.ujfi.fei.stuba.sk\/predmety\/fyzika\/navody\/TangBuzola_20110919.pdf\" target=\"_blank\" rel=\"noreferrer noopener\">Meranie horizont\u00e1lnej zlo\u017eky magnetick\u00e9ho po\u013ea Zeme tangentovou buzolou<\/a><br>24.&nbsp;<a href=\"https:\/\/www.ujfi.fei.stuba.sk\/predmety\/fyzika\/navody\/MagMomMagnetu_20110919.pdf\" target=\"_blank\" rel=\"noreferrer noopener\">Magnetick\u00fd moment ty\u010dov\u00e9ho magnetu<\/a><br>25. <a href=\"https:\/\/www.ujfi.fei.stuba.sk\/predmety\/fyzika\/navody\/MagMomCievky_20130216.pdf\" target=\"_blank\" rel=\"noreferrer noopener\">Magnetick\u00fd moment cievky<\/a><br>27.&nbsp;<a href=\"https:\/\/www.ujfi.fei.stuba.sk\/predmety\/fyzika\/navody\/InfraZiarenie_20110917.pdf\" target=\"_blank\" rel=\"noreferrer noopener\">Infra\u010derven\u00e9 \u017eiarenie<\/a><br>28. <a href=\"https:\/\/www.ujfi.fei.stuba.sk\/predmety\/fyzika\/navody\/PlanckKonst_20110928.pdf\" target=\"_blank\" rel=\"noreferrer noopener\">Planckova kon\u0161tanta<\/a><br>31.&nbsp;<a href=\"https:\/\/www.ujfi.fei.stuba.sk\/predmety\/fyzika\/navody\/SpecifickyNaboj_20120301.pdf\" target=\"_blank\" rel=\"noreferrer noopener\">\u0160pecifick\u00fd n\u00e1boj elektr\u00f3nu<\/a><br>32.<a href=\"https:\/\/www.ujfi.fei.stuba.sk\/wp-content\/uploads\/2025\/09\/Coulomb20250924.pdf\" data-type=\"link\" data-id=\"https:\/\/www.ujfi.fei.stuba.sk\/wp-content\/uploads\/2025\/09\/Coulomb20250924.pdf\" target=\"_blank\" rel=\"noreferrer noopener\"> Coulombov z\u00e1kon<\/a><br>33. <a href=\"https:\/\/www.ujfi.fei.stuba.sk\/wp-content\/uploads\/2025\/09\/EMindukcia20250927.pdf\" data-type=\"link\" data-id=\"https:\/\/www.ujfi.fei.stuba.sk\/wp-content\/uploads\/2025\/09\/EMindukcia20250927.pdf\" target=\"_blank\" rel=\"noreferrer noopener\">Elektromagnetick\u00e1 indukcia<\/a><\/p>\n<\/div>\n<\/div>\n\n\n\n<div class=\"wp-block-columns is-layout-flex wp-container-core-columns-is-layout-9d6595d7 wp-block-columns-is-layout-flex\">\n<div class=\"wp-block-column is-layout-flow wp-block-column-is-layout-flow\">\n<h3 class=\"wp-block-heading\"><strong>\u00dalohy z fyziky 3<\/strong><\/h3>\n\n\n\n<p>22.\u00a0<a href=\"https:\/\/www.ujfi.fei.stuba.sk\/predmety\/fyzika\/navody\/FazovaGrupovaRychlost_20130216.pdf\" target=\"_blank\" rel=\"noreferrer noopener\">F\u00e1zov\u00e1 a grupov\u00e1 r\u00fdchlos\u0165 v kvapalin\u00e1ch<\/a><br>26. <a href=\"https:\/\/www.ujfi.fei.stuba.sk\/predmety\/fyzika\/navody\/TenkaVrstva_20110919.pdf\" data-type=\"link\" data-id=\"https:\/\/www.ujfi.fei.stuba.sk\/predmety\/fyzika\/navody\/TenkaVrstva_20110919.pdf\" target=\"_blank\" rel=\"noreferrer noopener\">Meranie hr\u00fabky tenkej dielektrickej vrstvy<\/a><br>28a.\u00a0<a href=\"https:\/\/www.ujfi.fei.stuba.sk\/predmety\/fyzika\/navody\/vystupna-praca.pdf\" target=\"_blank\" rel=\"noreferrer noopener\">V\u00fdstupn\u00e1 pr\u00e1ca fotokat\u00f3dy<\/a> | <a href=\"https:\/\/www.ujfi.fei.stuba.sk\/predmety\/fyzika\/navody\/vystupna-praca-tabulka.pdf\" target=\"_blank\" rel=\"noreferrer noopener\">Doplnkov\u00e1 tabu\u013eka<\/a><br>29.\u00a0<a href=\"https:\/\/www.ujfi.fei.stuba.sk\/predmety\/fyzika\/navody\/TepelneZiarenie_20110917.pdf\" target=\"_blank\" rel=\"noreferrer noopener\">Tepeln\u00e9 \u017eiarenie<\/a><br>34.\u00a0<a href=\"https:\/\/www.ujfi.fei.stuba.sk\/predmety\/fyzika\/navody\/milikan.pdf\" target=\"_blank\" rel=\"noreferrer noopener\">Millikanov experiment<\/a><br>35.\u00a0<a href=\"https:\/\/www.ujfi.fei.stuba.sk\/predmety\/fyzika\/navody\/rychlost-svetla.pdf\" target=\"_blank\" rel=\"noreferrer noopener\">R\u00fdchlos\u0165 svetla<\/a> | <a href=\"https:\/\/www.ujfi.fei.stuba.sk\/predmety\/fyzika\/navody\/doplnok-rychlost-svetla.pdf\" target=\"_blank\" rel=\"noreferrer noopener\">Doplnkov\u00fd dokument<\/a><br>36.\u00a0<a href=\"https:\/\/www.ujfi.fei.stuba.sk\/predmety\/fyzika\/navody\/difrakcia.pdf\" target=\"_blank\" rel=\"noreferrer noopener\">Difrakcia svetla<\/a> | <a href=\"https:\/\/www.ujfi.fei.stuba.sk\/predmety\/fyzika\/navody\/literatura-difrakcia.pdf\" target=\"_blank\" rel=\"noreferrer noopener\">Doplnkov\u00fd dokument<\/a><br>37. <a href=\"https:\/\/www.ujfi.fei.stuba.sk\/wp-content\/uploads\/2026\/03\/EMvlny20260307.pdf\" target=\"_blank\" rel=\"noreferrer noopener\">Elektromagnetick\u00e9 vlnenie<br><\/a><\/p>\n<\/div>\n\n\n\n<div class=\"wp-block-column is-layout-flow wp-block-column-is-layout-flow\"><\/div>\n<\/div>\n","protected":false},"excerpt":{"rendered":"<p>Materi\u00e1ly k laborat\u00f3rnym cvi\u010deniam k predmetom fyzika, fyzika 1, fyzika 2 a fyzika 3. Pr\u00edprava na laborat\u00f3rne cvi\u010denie&nbsp; Do laborat\u00f3ria z\u00e1kladn\u00e9ho kurzu fyziky m\u00f4\u017ee vst\u00fapi\u0165 iba riadne pripraven\u00fd \u0161tudent. Pr\u00edprava spo\u010d\u00edva v nasleduj\u00facich krokoch: vytla\u010denie zadania a jeho&nbsp;pre\u0161tudovanie vyplnenie z\u00e1hlavia protokolu vlastnou rukou, perom vyplnenie \u010fal\u0161\u00edch \u010dast\u00ed:&nbsp;stru\u010dn\u00fd opis,&nbsp;vz\u0165ahy,&nbsp;pr\u00edstroje, popr. aj&nbsp;sch\u00e9ma; do&nbsp;\u010dasti pre&nbsp;vz\u0165ahy treba vp\u00edsa\u0165 len tie, ktor\u00e9 sa priamo pou\u017e\u00edvaj\u00fa pri&nbsp;meran\u00ed alebo vyhodnocovan\u00ed v\u00fdsledkov a&nbsp;presnosti merania. Pr\u00edpravu ako aj n\u00e1sledn\u00e9 p\u00edsomn\u00e9 vyhodnotenie protokolu vypracuje&nbsp;ka\u017ed\u00fd \u0161tudent, teda nielen jeden zo&nbsp;skupiny Spracovanie d\u00e1t Nasleduj\u00face dokumenty sl\u00fa\u017eia ako pom\u00f4cka pri dom\u00e1com vyhodnocovan\u00ed laborat\u00f3rnych cvi\u010den\u00ed. Met\u00f3dy spracovania experiment\u00e1lnych v\u00fdsledkov V\u00fdpo\u010det parametrov pre line\u00e1rnu regresiu&#8230; <\/p>\n","protected":false},"author":1,"featured_media":937,"parent":55,"menu_order":0,"comment_status":"closed","ping_status":"closed","template":"template-full-width.php","meta":{"footnotes":""},"class_list":["post-439","page","type-page","status-publish","has-post-thumbnail","hentry"],"_links":{"self":[{"href":"https:\/\/www.ujfi.fei.stuba.sk\/en\/wp-json\/wp\/v2\/pages\/439","targetHints":{"allow":["GET"]}}],"collection":[{"href":"https:\/\/www.ujfi.fei.stuba.sk\/en\/wp-json\/wp\/v2\/pages"}],"about":[{"href":"https:\/\/www.ujfi.fei.stuba.sk\/en\/wp-json\/wp\/v2\/types\/page"}],"author":[{"embeddable":true,"href":"https:\/\/www.ujfi.fei.stuba.sk\/en\/wp-json\/wp\/v2\/users\/1"}],"replies":[{"embeddable":true,"href":"https:\/\/www.ujfi.fei.stuba.sk\/en\/wp-json\/wp\/v2\/comments?post=439"}],"version-history":[{"count":3,"href":"https:\/\/www.ujfi.fei.stuba.sk\/en\/wp-json\/wp\/v2\/pages\/439\/revisions"}],"predecessor-version":[{"id":2111,"href":"https:\/\/www.ujfi.fei.stuba.sk\/en\/wp-json\/wp\/v2\/pages\/439\/revisions\/2111"}],"up":[{"embeddable":true,"href":"https:\/\/www.ujfi.fei.stuba.sk\/en\/wp-json\/wp\/v2\/pages\/55"}],"wp:featuredmedia":[{"embeddable":true,"href":"https:\/\/www.ujfi.fei.stuba.sk\/en\/wp-json\/wp\/v2\/media\/937"}],"wp:attachment":[{"href":"https:\/\/www.ujfi.fei.stuba.sk\/en\/wp-json\/wp\/v2\/media?parent=439"}],"curies":[{"name":"wp","href":"https:\/\/api.w.org\/{rel}","templated":true}]}}