{"id":42,"date":"2023-09-21T07:53:27","date_gmt":"2023-09-21T06:53:27","guid":{"rendered":"https:\/\/www.ujfi.fei.stuba.sk\/wordpress\/?page_id=42"},"modified":"2025-12-10T20:59:03","modified_gmt":"2025-12-10T19:59:03","slug":"studium","status":"publish","type":"page","link":"https:\/\/www.ujfi.fei.stuba.sk\/en\/studium\/","title":{"rendered":"EDUCATION"},"content":{"rendered":"\r\n<p>Information and important materials for applicants and students.<\/p>\r\n\r\n\r\n\r\n<div class=\"courses-box\" id=\"\">\n\t\t\t\t\t<div class=\"coursethumb\"><img decoding=\"async\" src=\"https:\/\/www.ujfi.fei.stuba.sk\/wp-content\/uploads\/2023\/09\/S3.jpg\"><\/div>\n\t\t\t\t\t<div class=\"course-content\">\n\t\t\t\t\t\t<h3>For applicants<\/h3>\n\t\t\t\t\t\t<p>Information for applicants interested in studying at FEI STU who are interested in nuclear energy or physical engineering.<\/p>\n\t\t\t\t\t\t<a href=\"https:\/\/www.ujfi.fei.stuba.sk\/?page_id=53\">\u010c\u00edta\u0165 viac &gt;<\/a>\n\t\t\t\t\t<\/div>\t\t\n\t\t\t\t<\/div>\r\n\r\n<div class=\"courses-box\" id=\"\">\n\t\t\t\t\t<div class=\"coursethumb\"><img decoding=\"async\" src=\"https:\/\/www.ujfi.fei.stuba.sk\/wp-content\/uploads\/2023\/09\/S1.jpg\"><\/div>\n\t\t\t\t\t<div class=\"course-content\">\n\t\t\t\t\t\t<h3>Study programmes<\/h3>\n\t\t\t\t\t\t<p>Here you will find information about the study programmes provided by the Institute of Nuclear and Physical Engineering.<\/p>\n\t\t\t\t\t\t<a href=\"https:\/\/www.ujfi.fei.stuba.sk\/?page_id=419\">\u010c\u00edta\u0165 viac &gt;<\/a>\n\t\t\t\t\t<\/div>\t\t\n\t\t\t\t<\/div>\r\n\r\n<div class=\"courses-box\" id=\"last\">\n\t\t\t\t\t<div class=\"coursethumb\"><img decoding=\"async\" src=\"https:\/\/www.ujfi.fei.stuba.sk\/wp-content\/uploads\/2023\/09\/S2.jpg\"><\/div>\n\t\t\t\t\t<div class=\"course-content\">\n\t\t\t\t\t\t<h3>Study materials<\/h3>\n\t\t\t\t\t\t<p>On this page you will find exercise manuals, examples, and other supplementary materials needed for your studies.<\/p>\n\t\t\t\t\t\t<a href=\"https:\/\/www.ujfi.fei.stuba.sk\/?page_id=55\">\u010c\u00edta\u0165 viac &gt;<\/a>\n\t\t\t\t\t<\/div>\t\t\n\t\t\t\t<\/div>\r\n\r\n\r\n\r\n<p><\/p>\r\n\r\n\r\n\r\n<p><\/p>\r\n\r\n\r\n\r\n\r\n\r\n\r\n\r\n","protected":false},"excerpt":{"rendered":"<p>Information and important materials for applicants and students. For applicants Information for applicants interested in studying at FEI STU who are interested in nuclear energy or physical engineering. \u010c\u00edta\u0165 viac &gt; Study programmes Here you will find information about the study programmes provided by the Institute of Nuclear and Physical Engineering. \u010c\u00edta\u0165 viac &gt; Study materials On this page you will find exercise manuals, examples, and other supplementary materials needed for your studies. \u010c\u00edta\u0165 viac &gt;<\/p>\n","protected":false},"author":1,"featured_media":937,"parent":0,"menu_order":0,"comment_status":"closed","ping_status":"closed","template":"template-full-width.php","meta":{"footnotes":""},"class_list":["post-42","page","type-page","status-publish","has-post-thumbnail","hentry"],"_links":{"self":[{"href":"https:\/\/www.ujfi.fei.stuba.sk\/en\/wp-json\/wp\/v2\/pages\/42","targetHints":{"allow":["GET"]}}],"collection":[{"href":"https:\/\/www.ujfi.fei.stuba.sk\/en\/wp-json\/wp\/v2\/pages"}],"about":[{"href":"https:\/\/www.ujfi.fei.stuba.sk\/en\/wp-json\/wp\/v2\/types\/page"}],"author":[{"embeddable":true,"href":"https:\/\/www.ujfi.fei.stuba.sk\/en\/wp-json\/wp\/v2\/users\/1"}],"replies":[{"embeddable":true,"href":"https:\/\/www.ujfi.fei.stuba.sk\/en\/wp-json\/wp\/v2\/comments?post=42"}],"version-history":[{"count":2,"href":"https:\/\/www.ujfi.fei.stuba.sk\/en\/wp-json\/wp\/v2\/pages\/42\/revisions"}],"predecessor-version":[{"id":1789,"href":"https:\/\/www.ujfi.fei.stuba.sk\/en\/wp-json\/wp\/v2\/pages\/42\/revisions\/1789"}],"wp:featuredmedia":[{"embeddable":true,"href":"https:\/\/www.ujfi.fei.stuba.sk\/en\/wp-json\/wp\/v2\/media\/937"}],"wp:attachment":[{"href":"https:\/\/www.ujfi.fei.stuba.sk\/en\/wp-json\/wp\/v2\/media?parent=42"}],"curies":[{"name":"wp","href":"https:\/\/api.w.org\/{rel}","templated":true}]}}