{"id":419,"date":"2023-09-25T14:57:59","date_gmt":"2023-09-25T13:57:59","guid":{"rendered":"https:\/\/www.ujfi.fei.stuba.sk\/wordpress\/?page_id=419"},"modified":"2025-12-10T20:56:17","modified_gmt":"2025-12-10T19:56:17","slug":"studijne-programy","status":"publish","type":"page","link":"https:\/\/www.ujfi.fei.stuba.sk\/en\/studijne-programy\/","title":{"rendered":"STUDY PROGRAMMES"},"content":{"rendered":"\r\n<p><\/p>\r\n\r\n\r\n\r\n<div class=\"courses-box\" id=\"\">\n\t\t\t\t\t<div class=\"coursethumb\"><img decoding=\"async\" src=\"https:\/\/www.ujfi.fei.stuba.sk\/wp-content\/uploads\/2025\/10\/Dizajn-bez-nazvu-1.png\"><\/div>\n\t\t\t\t\t<div class=\"course-content\">\n\t\t\t\t\t\t<h3>Bachelor\u2019s degree programme: Nuclear and Physical Engineering<\/h3>\n\t\t\t\t\t\t<p> <\/p>\n\t\t\t\t\t\t<a href=\"https:\/\/is.stuba.sk\/katalog\/plany.pl?fakulta=30;poc_obdobi=705;misto_vyuky=;typ_ss=;typ_studia=1;program=1165;obor=-2;specializace=-2;new_spec=-2;podprogram=;forma=1;stud_plan=20727;lang=sk\">\u010c\u00edta\u0165 viac &gt;<\/a>\n\t\t\t\t\t<\/div>\t\t\n\t\t\t\t<\/div>\r\n\r\n<div class=\"courses-box\" id=\"\">\n\t\t\t\t\t<div class=\"coursethumb\"><img decoding=\"async\" src=\"https:\/\/www.ujfi.fei.stuba.sk\/wp-content\/uploads\/2025\/10\/Dizajn-bez-nazvu.png\"><\/div>\n\t\t\t\t\t<div class=\"course-content\">\n\t\t\t\t\t\t<h3>Master\u2019s degree programme: Nuclear and Physical Engineering<\/h3>\n\t\t\t\t\t\t<p> <\/p>\n\t\t\t\t\t\t<a href=\"https:\/\/is.stuba.sk\/katalog\/plany.pl?fakulta=30;poc_obdobi=705;misto_vyuky=;typ_ss=;typ_studia=4;program=1173;obor=-2;specializace=-2;new_spec=-2;podprogram=;forma=1;stud_plan=20787;lang=sk\">\u010c\u00edta\u0165 viac &gt;<\/a>\n\t\t\t\t\t<\/div>\t\t\n\t\t\t\t<\/div>\r\n\r\n<div class=\"courses-box\" id=\"last\">\n\t\t\t\t\t<div class=\"coursethumb\"><img decoding=\"async\" src=\"https:\/\/www.ujfi.fei.stuba.sk\/wp-content\/uploads\/2025\/10\/Dizajn-bez-nazvu-2.png\"><\/div>\n\t\t\t\t\t<div class=\"course-content\">\n\t\t\t\t\t\t<h3>Master\u2019s degree programme: Management in Nuclear<\/h3>\n\t\t\t\t\t\t<p><\/p>\n\t\t\t\t\t\t<a href=\"https:\/\/www.fei.stuba.sk\/manazment-v-jadrovej-energetike.html?page_id=7726\">\u010c\u00edta\u0165 viac &gt;<\/a>\n\t\t\t\t\t<\/div>\t\t\n\t\t\t\t<\/div>\r\n\r\n<div class=\"courses-box\" id=\"\">\n\t\t\t\t\t<div class=\"coursethumb\"><img decoding=\"async\" src=\"https:\/\/www.ujfi.fei.stuba.sk\/wp-content\/uploads\/2025\/10\/Dizajn-bez-nazvu-3.png\"><\/div>\n\t\t\t\t\t<div class=\"course-content\">\n\t\t\t\t\t\t<h3>PhD programme: Physical Engineering<\/h3>\n\t\t\t\t\t\t<p> <\/p>\n\t\t\t\t\t\t<a href=\"https:\/\/is.stuba.sk\/katalog\/plany.pl?fakulta=30;poc_obdobi=720;misto_vyuky=;typ_ss=;typ_studia=3;program=1179;obor=-2;specializace=-2;new_spec=-2;podprogram=;forma=1;stud_plan=20446;lang=sk\">\u010c\u00edta\u0165 viac &gt;<\/a>\n\t\t\t\t\t<\/div>\t\t\n\t\t\t\t<\/div>\r\n\r\n<div class=\"courses-box\" id=\"last\">\n\t\t\t\t\t<div class=\"coursethumb\"><img decoding=\"async\" src=\"https:\/\/www.ujfi.fei.stuba.sk\/wp-content\/uploads\/2025\/10\/Dizajn-bez-nazvu-4.png\"><\/div>\n\t\t\t\t\t<div class=\"course-content\">\n\t\t\t\t\t\t<h3>PhD programme: Nuclear Energy<\/h3>\n\t\t\t\t\t\t<p> <\/p>\n\t\t\t\t\t\t<a href=\"https:\/\/is.stuba.sk\/katalog\/plany.pl?fakulta=30;poc_obdobi=720;misto_vyuky=;typ_ss=;typ_studia=3;program=1180;obor=-2;specializace=-2;new_spec=-2;podprogram=;forma=1;stud_plan=20453;lang=sk\">\u010c\u00edta\u0165 viac &gt;<\/a>\n\t\t\t\t\t<\/div>\t\t\n\t\t\t\t<\/div>\r\n\r\n\r\n\r\n\r\n\r\n\r\n\r\n\r\n","protected":false},"excerpt":{"rendered":"<p>Bachelor\u2019s degree programme: Nuclear and Physical Engineering \u010c\u00edta\u0165 viac &gt; Master\u2019s degree programme: Nuclear and Physical Engineering \u010c\u00edta\u0165 viac &gt; Master\u2019s degree programme: Management in Nuclear \u010c\u00edta\u0165 viac &gt; PhD programme: Physical Engineering \u010c\u00edta\u0165 viac &gt; PhD programme: Nuclear Energy \u010c\u00edta\u0165 viac &gt;<\/p>\n","protected":false},"author":1,"featured_media":937,"parent":0,"menu_order":0,"comment_status":"closed","ping_status":"closed","template":"template-full-width.php","meta":{"footnotes":""},"class_list":["post-419","page","type-page","status-publish","has-post-thumbnail","hentry"],"_links":{"self":[{"href":"https:\/\/www.ujfi.fei.stuba.sk\/en\/wp-json\/wp\/v2\/pages\/419","targetHints":{"allow":["GET"]}}],"collection":[{"href":"https:\/\/www.ujfi.fei.stuba.sk\/en\/wp-json\/wp\/v2\/pages"}],"about":[{"href":"https:\/\/www.ujfi.fei.stuba.sk\/en\/wp-json\/wp\/v2\/types\/page"}],"author":[{"embeddable":true,"href":"https:\/\/www.ujfi.fei.stuba.sk\/en\/wp-json\/wp\/v2\/users\/1"}],"replies":[{"embeddable":true,"href":"https:\/\/www.ujfi.fei.stuba.sk\/en\/wp-json\/wp\/v2\/comments?post=419"}],"version-history":[{"count":1,"href":"https:\/\/www.ujfi.fei.stuba.sk\/en\/wp-json\/wp\/v2\/pages\/419\/revisions"}],"predecessor-version":[{"id":1788,"href":"https:\/\/www.ujfi.fei.stuba.sk\/en\/wp-json\/wp\/v2\/pages\/419\/revisions\/1788"}],"wp:featuredmedia":[{"embeddable":true,"href":"https:\/\/www.ujfi.fei.stuba.sk\/en\/wp-json\/wp\/v2\/media\/937"}],"wp:attachment":[{"href":"https:\/\/www.ujfi.fei.stuba.sk\/en\/wp-json\/wp\/v2\/media?parent=419"}],"curies":[{"name":"wp","href":"https:\/\/api.w.org\/{rel}","templated":true}]}}