{"id":2041,"date":"2026-02-16T00:59:25","date_gmt":"2026-02-15T23:59:25","guid":{"rendered":"https:\/\/www.ujfi.fei.stuba.sk\/?page_id=2041"},"modified":"2026-05-09T09:50:18","modified_gmt":"2026-05-09T08:50:18","slug":"fyzika-1","status":"publish","type":"page","link":"https:\/\/www.ujfi.fei.stuba.sk\/en\/fyzika-1\/","title":{"rendered":"Fyzika 1 LS 2026"},"content":{"rendered":"\n<p>Webov\u00e1 str\u00e1nka predmetov fyzika 1 a semin\u00e1r z fyziky 1 <strong>v letnom semestri akademick\u00e9ho roka 2025\/2026<\/strong>.<br>Juraj Chlp\u00edk, miestnos\u0165 A 314, email: juraj.chlpik@stuba.sk<\/p>\n\n\n\n<h2 class=\"wp-block-heading\"><strong>U\u017eito\u010dn\u00e9 odkazy<\/strong><\/h2>\n\n\n\n<p><a href=\"https:\/\/www.ujfi.fei.stuba.sk\/?page_id=439\" data-type=\"link\" data-id=\"https:\/\/www.ujfi.fei.stuba.sk\/?page_id=439\">Laborat\u00f3rne \u00falohy<\/a> | <a href=\"https:\/\/www.ujfi.fei.stuba.sk\/predmety\/fyzika\/navody\/SpracovanieVysledkov.pdf\" data-type=\"link\" data-id=\"https:\/\/www.ujfi.fei.stuba.sk\/predmety\/fyzika\/navody\/SpracovanieVysledkov.pdf\">Met\u00f3dy spracovania meran\u00ed<\/a> | <a href=\"https:\/\/www.ujfi.fei.stuba.sk\/predmety\/fyzika\/navody\/regresia-dodatok_20101022.pdf\" data-type=\"link\" data-id=\"https:\/\/www.ujfi.fei.stuba.sk\/predmety\/fyzika\/navody\/regresia-dodatok_20101022.pdf\">Line\u00e1rna regresia<\/a> | <a href=\"https:\/\/www.ujfi.fei.stuba.sk\/predmety\/fyzika\/navody\/Linearna_regresia_v_Exceli_20110301.pdf\" data-type=\"link\" data-id=\"https:\/\/www.ujfi.fei.stuba.sk\/predmety\/fyzika\/navody\/Linearna_regresia_v_Exceli_20110301.pdf\">Line\u00e1rna regresia v Exceli<\/a> | <a href=\"https:\/\/is.stuba.sk\/auth\/dok_server\/dokumenty_cteni.pl?id=174676;on=6;dok=129703;serializace=58561373:1667924702:4237:user:f43945c5477448bcdca4f5e267eb4f1e05302e79;lang=sk\" data-type=\"link\" data-id=\"https:\/\/is.stuba.sk\/auth\/dok_server\/dokumenty_cteni.pl?id=174676;on=6;dok=129703;serializace=58561373:1667924702:4237:user:f43945c5477448bcdca4f5e267eb4f1e05302e79;lang=sk\">Zbierka \u00faloh (J. Cir\u00e1k)<\/a> | <a href=\"https:\/\/www.ujfi.fei.stuba.sk\/?page_id=443\" data-type=\"link\" data-id=\"https:\/\/www.ujfi.fei.stuba.sk\/?page_id=443\">Pr\u00edklady na precvi\u010denie<\/a> | <a href=\"https:\/\/www.ujfi.fei.stuba.sk\/?page_id=1064\">I. \u010cerve\u0148: Fyzika po kapitol\u00e1ch<\/a> | <a href=\"https:\/\/www.ujfi.fei.stuba.sk\/?page_id=509\" data-type=\"link\" data-id=\"https:\/\/www.ujfi.fei.stuba.sk\/?page_id=509\">D. Ilkovi\u010d: Fyzika<\/a> | <a href=\"https:\/\/www.ujfi.fei.stuba.sk\/wp-content\/uploads\/2025\/02\/Sylabus_Fyzika1_2025LS.pdf\" data-type=\"link\" data-id=\"https:\/\/www.ujfi.fei.stuba.sk\/wp-content\/uploads\/2024\/02\/Sylabus_Fyzika1_2024LS.pdf\">Sylabus<\/a> | <a href=\"https:\/\/www.ujfi.fei.stuba.sk\/fyzika-1-ls-2025\" data-type=\"page\" data-id=\"981\">Fyzika 1 LS 2025<\/a> | <a href=\"https:\/\/www.ujfi.fei.stuba.sk\/fyzika-1-ls-2024\" data-type=\"page\" data-id=\"981\">Fyzika 1 LS 2024<\/a> | <a href=\"http:\/\/fyz.ujfi.fei.stuba.sk\/~chlpik\/2022-2023\/LS\/Fyzika1\/\" data-type=\"link\" data-id=\"http:\/\/fyz.ujfi.fei.stuba.sk\/~chlpik\/2022-2023\/LS\/Fyzika1\/\">Fyzika 1 LS 2023<\/a><\/p>\n\n\n\n<p><a href=\"http:\/\/publish.obsidian.md\/physics\" data-type=\"link\" data-id=\"publish.obsidian.md\/physics\">Str\u00e1nka s pozn\u00e1mkami a podkladmi k predn\u00e1\u0161kam<\/a><\/p>\n\n\n\n<div class=\"wp-block-columns is-layout-flex wp-container-core-columns-is-layout-9d6595d7 wp-block-columns-is-layout-flex\">\n<div class=\"wp-block-column is-layout-flow wp-block-column-is-layout-flow\" style=\"flex-basis:100%\">\n<div class=\"wp-block-group\"><div class=\"wp-block-group__inner-container is-layout-constrained wp-block-group-is-layout-constrained\">\n<div class=\"wp-block-columns is-layout-flex wp-container-core-columns-is-layout-9d6595d7 wp-block-columns-is-layout-flex\">\n<div class=\"wp-block-column is-layout-flow wp-block-column-is-layout-flow\" style=\"flex-basis:100%\">\n<h2 class=\"wp-block-heading\">Z\u00e1kladn\u00e9 inform\u00e1cie<\/h2>\n\n\n\n<div data-wp-interactive=\"core\/file\" class=\"wp-block-file\"><object data-wp-bind--hidden=\"!state.hasPdfPreview\" hidden class=\"wp-block-file__embed\" data=\"https:\/\/www.ujfi.fei.stuba.sk\/wp-content\/uploads\/2026\/02\/Sylabus_Fyzika1_2026LS.pdf\" type=\"application\/pdf\" style=\"width:100%;height:480px\" aria-label=\"Embed of Sylabus.\"><\/object><a id=\"wp-block-file--media-87df790e-43e3-4507-8aa8-e7485ff4dea8\" href=\"https:\/\/www.ujfi.fei.stuba.sk\/wp-content\/uploads\/2026\/02\/Sylabus_Fyzika1_2026LS.pdf\">Sylabus<\/a><a href=\"https:\/\/www.ujfi.fei.stuba.sk\/wp-content\/uploads\/2026\/02\/Sylabus_Fyzika1_2026LS.pdf\" class=\"wp-block-file__button wp-element-button\" download aria-describedby=\"wp-block-file--media-87df790e-43e3-4507-8aa8-e7485ff4dea8\">Stiahnu\u0165<\/a><\/div>\n\n\n\n<p><\/p>\n\n\n\n<h3 class=\"wp-block-heading\"><strong>\u0160tudijn\u00e9 programy<\/strong><\/h3>\n\n\n\n<p>digit\u00e1lne technol\u00f3gie, elektroenergetika, elektrotechnika, inteligentn\u00e9 technol\u00f3gie a automobilov\u00e1 mechatronika, jadrov\u00e9 a fyzik\u00e1lne in\u017einierstvo<\/p>\n\n\n\n<h3 class=\"wp-block-heading\"><strong>Rozsah<\/strong><\/h3>\n\n\n\n<p>2 hodiny predn\u00e1\u0161ok a 2 hodiny cvi\u010den\u00ed t\u00fd\u017edenne, 2 hodiny semin\u00e1r<br><strong>Predn\u00e1\u0161ka:<\/strong> pondelok 13.00 \u2013 14.40 DE 300<br><strong>Semin\u00e1r:<\/strong> piatok 13.00 \u2013 14.40 AB 300<\/p>\n\n\n\n<h3 class=\"wp-block-heading\"><strong>Cvi\u010denia<\/strong><\/h3>\n\n\n\n<p>pondelok <strong>15.00<\/strong> (A222), <strong>17.00<\/strong> (A222)<br>utorok <strong>8.00<\/strong> (A222, A303), <strong>10.00<\/strong> (A303), <strong>13.00<\/strong> (A222)<br>streda <strong>8.00<\/strong> (A222), <strong>10.00<\/strong> (A222, A303), <strong>13.00<\/strong> (A303), <strong>15.00<\/strong> (A303)<br>\u0161tvrtok <strong>15.00 <\/strong>(A222), <strong>17.00<\/strong> (A222)<br>piatok <strong>8.00<\/strong> (A222), <strong>10.00<\/strong> (A222)<\/p>\n\n\n\n<h3 class=\"wp-block-heading\"><strong>U\u010ditelia<\/strong><\/h3>\n\n\n\n<p><strong>Predn\u00e1\u0161aj\u00faci:<\/strong> RNDr. Juraj Chlp\u00edk, PhD.<br><strong>Zodpovedn\u00ed cvi\u010diaci:<\/strong> Mgr. Goran Bulatovi\u010d, PhD., Mgr. Oto Glavo, PhD., Ing. Mari\u00e1n Jan\u00edk, PhD., RNDr. So\u0148a Kotorov\u00e1, PhD., Ing. Roman Michelko, Ing. Patrik Nov\u00e1k, PhD., Mgr. Marek Van\u010do, PhD.<br><strong>Cvi\u010diaci v laborat\u00f3riu: <\/strong>Ing. Katar\u00edna Foss, Ing. Sofia Ga\u0161parov\u00e1, Ing. Branislav Str\u00edbrnsk\u00fd, PhD.<\/p>\n<\/div>\n<\/div>\n<\/div><\/div>\n<\/div>\n<\/div>\n\n\n\n<h2 class=\"wp-block-heading\">Priebe\u017en\u00e9 testy<\/h2>\n\n\n\n<h3 class=\"wp-block-heading\">Prv\u00e1 priebe\u017en\u00e1 p\u00edsomka<\/h3>\n\n\n\n<p><strong>Term\u00edn<\/strong>: 20. marca 2026 o 15.00<br><strong>Miesto<\/strong>: AB300, AB150, BC300, BC150, CD300, DE300, E701, E702. Rozpis \u0161tudentov do jednotliv\u00fdch miestnost\u00ed je v AISe v z\u00e1znamn\u00edku u\u010dite\u013ea.<br><strong>T\u00e9my<\/strong>: kinematika hmotn\u00e9ho bodu, dynamika hmotn\u00e9ho bodu<br><strong>Konzult\u00e1cia: <\/strong>piatok 27. marca 2026 od 9.00 na 3. poschod\u00ed bloku A<\/p>\n\n\n\n<div class=\"wp-block-columns is-layout-flex wp-container-core-columns-is-layout-9d6595d7 wp-block-columns-is-layout-flex\">\n<div class=\"wp-block-column is-layout-flow wp-block-column-is-layout-flow\">\n<div data-wp-interactive=\"core\/file\" class=\"wp-block-file\"><object data-wp-bind--hidden=\"!state.hasPdfPreview\" hidden class=\"wp-block-file__embed\" data=\"https:\/\/www.ujfi.fei.stuba.sk\/wp-content\/uploads\/2026\/05\/F1_2026_LS_Z1_zadanie_web.pdf\" type=\"application\/pdf\" style=\"width:100%;height:480px\" aria-label=\"Embed of Zadanie.\"><\/object><a id=\"wp-block-file--media-b438d3c5-d098-44d1-bed9-33706d1bede2\" href=\"https:\/\/www.ujfi.fei.stuba.sk\/wp-content\/uploads\/2026\/05\/F1_2026_LS_Z1_zadanie_web.pdf\">Zadanie<\/a><a href=\"https:\/\/www.ujfi.fei.stuba.sk\/wp-content\/uploads\/2026\/05\/F1_2026_LS_Z1_zadanie_web.pdf\" class=\"wp-block-file__button wp-element-button\" download aria-describedby=\"wp-block-file--media-b438d3c5-d098-44d1-bed9-33706d1bede2\">Stiahnu\u0165<\/a><\/div>\n<\/div>\n\n\n\n<div class=\"wp-block-column is-layout-flow wp-block-column-is-layout-flow\">\n<div data-wp-interactive=\"core\/file\" class=\"wp-block-file\"><object data-wp-bind--hidden=\"!state.hasPdfPreview\" hidden class=\"wp-block-file__embed\" data=\"https:\/\/www.ujfi.fei.stuba.sk\/wp-content\/uploads\/2026\/04\/F1_2026_LS_Z1_riesenie.pdf\" type=\"application\/pdf\" style=\"width:100%;height:480px\" aria-label=\"Embed of rie\u0161enie.\"><\/object><a id=\"wp-block-file--media-11a3b6a5-0ef6-491d-8bd9-341ae9a27ff4\" href=\"https:\/\/www.ujfi.fei.stuba.sk\/wp-content\/uploads\/2026\/04\/F1_2026_LS_Z1_riesenie.pdf\">rie\u0161enie<\/a><a href=\"https:\/\/www.ujfi.fei.stuba.sk\/wp-content\/uploads\/2026\/04\/F1_2026_LS_Z1_riesenie.pdf\" class=\"wp-block-file__button wp-element-button\" download aria-describedby=\"wp-block-file--media-11a3b6a5-0ef6-491d-8bd9-341ae9a27ff4\">Stiahnu\u0165<\/a><\/div>\n<\/div>\n<\/div>\n\n\n\n<p><\/p>\n\n\n\n<h3 class=\"wp-block-heading\">Druh\u00e1 priebe\u017en\u00e1 p\u00edsomka<\/h3>\n\n\n\n<p><strong>Term\u00edn:<\/strong> 8. m\u00e1ja 2026 o 15.00<br><strong>Miesto:<\/strong> AB300, AB150, BC300, BC150, CD300, DE300, E701, E702. Rozpis \u0161tudentov do jednotliv\u00fdch miestnost\u00ed je v AISe v z\u00e1znamn\u00edku u\u010dite\u013ea.<br><strong>T\u00e9my<\/strong>: dynamika s\u00fastavy hmotn\u00fdch bodov, dynamika tuh\u00e9ho telesa, mechanick\u00e9 kmity, hydrostatika<br><strong>Konzult\u00e1cia: <\/strong>\u0161tvrtok 14. marca 2026 od 9.00 na 3. poschod\u00ed bloku A<\/p>\n\n\n\n<div class=\"wp-block-columns is-layout-flex wp-container-core-columns-is-layout-9d6595d7 wp-block-columns-is-layout-flex\">\n<div class=\"wp-block-column is-layout-flow wp-block-column-is-layout-flow\">\n<div data-wp-interactive=\"core\/file\" class=\"wp-block-file\"><object data-wp-bind--hidden=\"!state.hasPdfPreview\" hidden class=\"wp-block-file__embed\" data=\"https:\/\/www.ujfi.fei.stuba.sk\/wp-content\/uploads\/2026\/05\/F1_2026_LS_Z2_zadanie_web.pdf\" type=\"application\/pdf\" style=\"width:100%;height:480px\" aria-label=\"Embed of Zadanie.\"><\/object><a id=\"wp-block-file--media-eb8a5306-80e9-467b-b0c1-dc33304eeba4\" href=\"https:\/\/www.ujfi.fei.stuba.sk\/wp-content\/uploads\/2026\/05\/F1_2026_LS_Z2_zadanie_web.pdf\">Zadanie<\/a><a href=\"https:\/\/www.ujfi.fei.stuba.sk\/wp-content\/uploads\/2026\/05\/F1_2026_LS_Z2_zadanie_web.pdf\" class=\"wp-block-file__button wp-element-button\" download aria-describedby=\"wp-block-file--media-eb8a5306-80e9-467b-b0c1-dc33304eeba4\">Stiahnu\u0165<\/a><\/div>\n<\/div>\n\n\n\n<div class=\"wp-block-column is-layout-flow wp-block-column-is-layout-flow\"><\/div>\n<\/div>\n\n\n\n<h2 class=\"wp-block-heading\">Hodnotenie predmetu<\/h2>\n\n\n\n<h3 class=\"wp-block-heading\"><strong>Semester<\/strong><\/h3>\n\n\n\n<p>Povinn\u00e1 \u00fa\u010das\u0165 na cvi\u010deniach.<br>Absolvovanie a vypracovanie v\u0161etk\u00fdch laborat\u00f3rnych \u00faloh.<br>Body za laborat\u00f3rne \u00falohy \u2013 maxim\u00e1lne 16 bodov<br>Dve priebe\u017en\u00e9 p\u00edsomky po\u010das semestra \u2013 maxim\u00e1lne 30 bodov<br>Aby mohol \u0161tudent \u00eds\u0165 na sk\u00fa\u0161ku, mus\u00ed po\u010das semestra z\u00edska\u0165 <strong>minim\u00e1lne 25 bodov<\/strong>.<\/p>\n\n\n\n<p><strong>Priebe\u017en\u00e9 p\u00edsomn\u00e9 testy<\/strong><\/p>\n\n\n\n<p>Po\u010das semestra bud\u00fa dva priebe\u017en\u00e9 testy po 15 bodov. Bud\u00fa sa kona\u0165 v piatok 20. marca 2026 a 8. m\u00e1ja 2026 o 15.00 po semin\u00e1ri z fyziky 1. Zadelenie \u0161tudentov do miestnost\u00ed bude v\u010das avizovan\u00e9 v informa\u010dnom syst\u00e9me AIS alebo prostredn\u00edctvom emailu.<\/p>\n\n\n\n<h3 class=\"wp-block-heading\"><strong>Sk\u00fa\u0161ka<\/strong><\/h3>\n\n\n\n<p>Sk\u00fa\u0161ka bude p\u00edsomn\u00e1 s mo\u017enos\u0165ou \u00fastneho dosk\u00fa\u0161ania.<br>Za sk\u00fa\u0161ku mo\u017eno z\u00edska\u0165 maxim\u00e1lne 54 bodov, ktor\u00e9 sa pripo\u010d\u00edtaj\u00fa k bodom z\u00edskan\u00fdm po\u010das semestra.<br><br>\u0160tudent, ktor\u00fd sa nez\u00fa\u010dastn\u00ed sk\u00fa\u0161ky z\u00edska zn\u00e1mku Fx. Inak sa v\u00fdsledn\u00e1 zn\u00e1mka ur\u010d\u00ed na z\u00e1klade z\u00edskan\u00fdch bodov pod\u013ea klasifika\u010dnej stupnice FEI STU v Bratislave.<\/p>\n\n\n\n<p><a href=\"https:\/\/www.ujfi.fei.stuba.sk\/fyzika-1-ls-2025\" data-type=\"link\" data-id=\"http:\/\/kf.elf.stuba.sk\/~chlpik\/2022-2023\/LS\/Fyzika1\/\">Pr\u00edklady zadan\u00ed priebe\u017en\u00fdch p\u00edsomiek a sk\u00fa\u0161ok z roku 2025 s\u00fa na tomto odkaze.<\/a><br><a href=\"https:\/\/www.ujfi.fei.stuba.sk\/?page_id=981\" data-type=\"link\" data-id=\"http:\/\/kf.elf.stuba.sk\/~chlpik\/2022-2023\/LS\/Fyzika1\/\">Pr\u00edklady zadan\u00ed priebe\u017en\u00fdch p\u00edsomiek a sk\u00fa\u0161ok z roku 2024 s\u00fa tu.<\/a><br><a href=\"http:\/\/fyz.ujfi.fei.stuba.sk\/~chlpik\/2022-2023\/LS\/Fyzika1\/\" data-type=\"link\" data-id=\"http:\/\/fyz.ujfi.fei.stuba.sk\/~chlpik\/2022-2023\/LS\/Fyzika1\/\">Pr\u00edklady zadan\u00ed priebe\u017en\u00fdch p\u00edsomiek a sk\u00fa\u0161ok z roku 2023 mo\u017eno n\u00e1js\u0165 kliknut\u00edm na tento odkaz.<\/a><\/p>\n\n\n\n<p><\/p>\n","protected":false},"excerpt":{"rendered":"<p>Webov\u00e1 str\u00e1nka predmetov fyzika 1 a semin\u00e1r z fyziky 1 v letnom semestri akademick\u00e9ho roka 2025\/2026.Juraj Chlp\u00edk, miestnos\u0165 A 314, email: juraj.chlpik@stuba.sk U\u017eito\u010dn\u00e9 odkazy Laborat\u00f3rne \u00falohy | Met\u00f3dy spracovania meran\u00ed | Line\u00e1rna regresia | Line\u00e1rna regresia v Exceli | Zbierka \u00faloh (J. Cir\u00e1k) | Pr\u00edklady na precvi\u010denie | I. \u010cerve\u0148: Fyzika po kapitol\u00e1ch | D. Ilkovi\u010d: Fyzika | Sylabus | Fyzika 1 LS 2025 | Fyzika 1 LS 2024 | Fyzika 1 LS 2023 Str\u00e1nka s pozn\u00e1mkami a podkladmi k predn\u00e1\u0161kam Z\u00e1kladn\u00e9 inform\u00e1cie SylabusStiahnu\u0165 \u0160tudijn\u00e9 programy digit\u00e1lne technol\u00f3gie, elektroenergetika, elektrotechnika, inteligentn\u00e9 technol\u00f3gie a automobilov\u00e1 mechatronika, jadrov\u00e9 a fyzik\u00e1lne in\u017einierstvo Rozsah&#8230; <\/p>\n","protected":false},"author":5,"featured_media":0,"parent":0,"menu_order":0,"comment_status":"closed","ping_status":"closed","template":"template-no-sidebar.php","meta":{"footnotes":""},"class_list":["post-2041","page","type-page","status-publish","hentry"],"_links":{"self":[{"href":"https:\/\/www.ujfi.fei.stuba.sk\/en\/wp-json\/wp\/v2\/pages\/2041","targetHints":{"allow":["GET"]}}],"collection":[{"href":"https:\/\/www.ujfi.fei.stuba.sk\/en\/wp-json\/wp\/v2\/pages"}],"about":[{"href":"https:\/\/www.ujfi.fei.stuba.sk\/en\/wp-json\/wp\/v2\/types\/page"}],"author":[{"embeddable":true,"href":"https:\/\/www.ujfi.fei.stuba.sk\/en\/wp-json\/wp\/v2\/users\/5"}],"replies":[{"embeddable":true,"href":"https:\/\/www.ujfi.fei.stuba.sk\/en\/wp-json\/wp\/v2\/comments?post=2041"}],"version-history":[{"count":16,"href":"https:\/\/www.ujfi.fei.stuba.sk\/en\/wp-json\/wp\/v2\/pages\/2041\/revisions"}],"predecessor-version":[{"id":2171,"href":"https:\/\/www.ujfi.fei.stuba.sk\/en\/wp-json\/wp\/v2\/pages\/2041\/revisions\/2171"}],"wp:attachment":[{"href":"https:\/\/www.ujfi.fei.stuba.sk\/en\/wp-json\/wp\/v2\/media?parent=2041"}],"curies":[{"name":"wp","href":"https:\/\/api.w.org\/{rel}","templated":true}]}}