{"id":2007,"date":"2026-02-11T20:51:27","date_gmt":"2026-02-11T19:51:27","guid":{"rendered":"https:\/\/www.ujfi.fei.stuba.sk\/?page_id=2007"},"modified":"2026-04-23T15:54:09","modified_gmt":"2026-04-23T14:54:09","slug":"fyzika","status":"publish","type":"page","link":"https:\/\/www.ujfi.fei.stuba.sk\/en\/studijne-materialy\/fyzika\/","title":{"rendered":"Fyzika"},"content":{"rendered":"\n<p>Webov\u00e1 str\u00e1nka kurzu fyziky v letnom semestri akademick\u00e9ho roka 2025\/2026.<\/p>\n\n\n\n<div class=\"wp-block-columns is-layout-flex wp-container-core-columns-is-layout-9d6595d7 wp-block-columns-is-layout-flex\">\n<div class=\"wp-block-column is-layout-flow wp-block-column-is-layout-flow\" style=\"flex-basis:66.66%\">\n<h3 class=\"wp-block-heading\">Z\u00e1kladn\u00e9 inform\u00e1cie<\/h3>\n\n\n\n<p><strong>\u0160tudijn\u00e9 programy:<\/strong> elektronick\u00e9 syst\u00e9my a n\u00e1vrh \u010dipov, informa\u010dn\u00e9 a komunika\u010dn\u00e9 technol\u00f3gie, robotika a kybernetika<br><strong>Rozsah:<\/strong> 2 hod. predn\u00e1\u0161ok, 2 hod. cvi\u010den\u00ed a 2 hod. semin\u00e1ru t\u00fd\u017edenne <br><strong>Kredity: <\/strong>6 kreditov (\u010do zodpoved\u00e1 150 hod\u00edn \u0161t\u00fadia a samo\u0161t\u00fadia)<br><strong>Predn\u00e1\u0161ka:<\/strong> \u0161tvrtok 15:00 \u2013 16:40 AB 300<br><strong>Semin\u00e1r:<\/strong> \u0161tvrtok 17:00 \u2013 18:40 AB 300<br><strong>Predn\u00e1\u0161aj\u00faci:<\/strong> Ing. Patrik Nov\u00e1k, PhD., miestnos\u0165 A 316, email: patrik.novak@stuba.sk<br><strong>Cvi\u010diaci:<\/strong> Mgr. Marek Van\u010do, PhD.; Mgr. Goran Bulatovi\u010d, PhD.; Ing. Branislav Str\u00edbrnsk\u00fd, PhD.; Ing. Andrea Kov\u00e1\u010dov\u00e1, PhD.<\/p>\n<\/div>\n\n\n\n<div class=\"wp-block-column has-white-background-color has-background is-layout-flow wp-block-column-is-layout-flow\" style=\"flex-basis:33.33%\">\n<p><strong>U\u017eito\u010dn\u00e9 odkazy<\/strong><br><a href=\"https:\/\/www.ujfi.fei.stuba.sk\/?page_id=439\" data-type=\"link\" data-id=\"https:\/\/www.ujfi.fei.stuba.sk\/?page_id=439\">Laborat\u00f3rne \u00falohy<\/a><br><a href=\"https:\/\/www.ujfi.fei.stuba.sk\/predmety\/fyzika\/navody\/SpracovanieVysledkov.pdf\" data-type=\"link\" data-id=\"https:\/\/www.ujfi.fei.stuba.sk\/predmety\/fyzika\/navody\/SpracovanieVysledkov.pdf\">Met\u00f3dy spracovania meran\u00ed<\/a><br><a href=\"https:\/\/www.ujfi.fei.stuba.sk\/predmety\/fyzika\/navody\/regresia-dodatok_20101022.pdf\" data-type=\"link\" data-id=\"https:\/\/www.ujfi.fei.stuba.sk\/predmety\/fyzika\/navody\/regresia-dodatok_20101022.pdf\">Line\u00e1rna regresia<\/a><br><a href=\"https:\/\/www.ujfi.fei.stuba.sk\/predmety\/fyzika\/navody\/Linearna_regresia_v_Exceli_20110301.pdf\" data-type=\"link\" data-id=\"https:\/\/www.ujfi.fei.stuba.sk\/predmety\/fyzika\/navody\/Linearna_regresia_v_Exceli_20110301.pdf\">Line\u00e1rna regresia v Exceli<\/a><br><a href=\"https:\/\/is.stuba.sk\/auth\/dok_server\/dokumenty_cteni.pl?id=174676;on=6;dok=129703;serializace=58561373:1667924702:4237:user:f43945c5477448bcdca4f5e267eb4f1e05302e79;lang=sk\" data-type=\"link\" data-id=\"https:\/\/is.stuba.sk\/auth\/dok_server\/dokumenty_cteni.pl?id=174676;on=6;dok=129703;serializace=58561373:1667924702:4237:user:f43945c5477448bcdca4f5e267eb4f1e05302e79;lang=sk\">Zbierka \u00faloh (J. Cir\u00e1k)<\/a><br><a href=\"https:\/\/www.ujfi.fei.stuba.sk\/?page_id=443\" data-type=\"link\" data-id=\"https:\/\/www.ujfi.fei.stuba.sk\/?page_id=443\">Pr\u00edklady na precvi\u010denie<\/a><br><a href=\"https:\/\/www.ujfi.fei.stuba.sk\/?page_id=1064\" data-type=\"link\" data-id=\"https:\/\/www.ujfi.fei.stuba.sk\/?page_id=1064\">Fyzika po kapitol\u00e1ch<\/a><br><a href=\"https:\/\/www.ujfi.fei.stuba.sk\/?page_id=509\" data-type=\"link\" data-id=\"https:\/\/www.ujfi.fei.stuba.sk\/?page_id=509\">D. Ilkovi\u010d: Fyzika<\/a><\/p>\n<\/div>\n<\/div>\n\n\n\n<p><a href=\"https:\/\/publish.obsidian.md\/physics\/Vitajte+na+str\u00e1nke+z\u00e1kladn\u00e9ho+kurzu+fyziky\" target=\"_blank\" rel=\"noreferrer noopener\">Str\u00e1nka s pozn\u00e1mkami a podkladmi k predn\u00e1\u0161kam<\/a><\/p>\n\n\n\n<h3 class=\"wp-block-heading\">Priebe\u017en\u00e9 p\u00edsomky<\/h3>\n\n\n\n<p>1. p\u00edsomka &#8211; 19.03.2026 o 17:00 | <a href=\"https:\/\/www.ujfi.fei.stuba.sk\/wp-content\/uploads\/2026\/03\/2025_2026_LS_Fyzika_1_Test_1.pdf\" data-type=\"attachment\" data-id=\"2114\" target=\"_blank\" rel=\"noreferrer noopener\">Zadanie<\/a> | <a href=\"https:\/\/www.ujfi.fei.stuba.sk\/wp-content\/uploads\/2026\/03\/2025_2026_LS_Fyzika_1_Test_1_riesenie.pdf\" target=\"_blank\" rel=\"noreferrer noopener\">Rie\u0161enie<\/a><br>2. p\u00edsomka &#8211; 07.05.2026 o 17:00<\/p>\n\n\n\n<h3 class=\"wp-block-heading\">Zadania \u00faloh rie\u0161en\u00fdch na Semin\u00e1roch z fyziky<\/h3>\n\n\n\n<p>| <a href=\"https:\/\/www.ujfi.fei.stuba.sk\/wp-content\/uploads\/2026\/02\/01.-tyzden.pdf\" target=\"_blank\" rel=\"noreferrer noopener\">1. t\u00fd\u017ede\u0148<\/a> | <a href=\"https:\/\/www.ujfi.fei.stuba.sk\/wp-content\/uploads\/2026\/02\/02.-tyzden.pdf\" target=\"_blank\" rel=\"noreferrer noopener\">2. t\u00fd\u017ede\u0148<\/a> | <a href=\"https:\/\/www.ujfi.fei.stuba.sk\/wp-content\/uploads\/2026\/03\/03.-tyzden.pdf\" target=\"_blank\" rel=\"noreferrer noopener\">3. t\u00fd\u017ede\u0148<\/a> | <a href=\"https:\/\/www.ujfi.fei.stuba.sk\/wp-content\/uploads\/2026\/04\/04.-tyzden.pdf\" target=\"_blank\" rel=\"noreferrer noopener\">4. t\u00fd\u017ede\u0148<\/a> | <s>5. t\u00fd\u017ede\u0148<\/s> | <a href=\"https:\/\/www.ujfi.fei.stuba.sk\/wp-content\/uploads\/2026\/04\/06.-tyzden.pdf\" target=\"_blank\" rel=\"noreferrer noopener\">6. t\u00fd\u017ede\u0148<\/a> | <br>| <a href=\"https:\/\/www.ujfi.fei.stuba.sk\/wp-content\/uploads\/2026\/04\/07.-tyzden.pdf\" target=\"_blank\" rel=\"noreferrer noopener\">7. t\u00fd\u017ede\u0148<\/a> | <a href=\"https:\/\/www.ujfi.fei.stuba.sk\/wp-content\/uploads\/2026\/04\/08.-tyzden.pdf\" target=\"_blank\" rel=\"noreferrer noopener\">8. t\u00fd\u017ede\u0148<\/a> | <a href=\"https:\/\/www.ujfi.fei.stuba.sk\/wp-content\/uploads\/2026\/04\/09.-tyzden.pdf\" target=\"_blank\" rel=\"noreferrer noopener\">9. t\u00fd\u017ede\u0148<\/a> | 10. t\u00fd\u017ede\u0148 | <s>11. t\u00fd\u017ede\u0148<\/s> | 12. t\u00fd\u017ede\u0148 |<\/p>\n\n\n\n<h3 class=\"wp-block-heading\">Harmonogram cvi\u010den\u00ed<\/h3>\n\n\n\n<p>1. t\u00fd\u017ede\u0148 &#8211; Kinematika<br>2. t\u00fd\u017ede\u0148 &#8211; Dynamika<br>3. t\u00fd\u017ede\u0148 &#8211; Energia, pr\u00e1ca, ZZH, ZZE<br>4. t\u00fd\u017ede\u0148 &#8211; Laborat\u00f3rne cvi\u010denie<br>5. t\u00fd\u017ede\u0148 &#8211; Dynamika tuh\u00e9ho telesa<br>6. t\u00fd\u017ede\u0148 &#8211; Laborat\u00f3rne cvi\u010denie<br>7. t\u00fd\u017ede\u0148 &#8211; Kmity<br>8. t\u00fd\u017ede\u0148 &#8211; Laborat\u00f3rne cvi\u010denie<br>9. t\u00fd\u017ede\u0148 &#8211; Vlny a zvuk<br>10. t\u00fd\u017ede\u0148 &#8211; Laborat\u00f3rne cvi\u010denie<br>11. t\u00fd\u017ede\u0148 &#8211; Mechanika kvapal\u00edn<br>12. t\u00fd\u017ede\u0148 &#8211; Termodynamika<\/p>\n\n\n\n<h3 class=\"wp-block-heading\">Rozvrh<\/h3>\n\n\n\n<div class=\"wp-block-columns is-layout-flex wp-container-core-columns-is-layout-9d6595d7 wp-block-columns-is-layout-flex\">\n<div class=\"wp-block-column is-layout-flow wp-block-column-is-layout-flow\" style=\"flex-basis:66.66%\">\n<figure class=\"wp-block-table\"><table class=\"has-fixed-layout\"><tbody><tr><td>DE\u0147 \\ \u010cAS<\/td><td class=\"has-text-align-center\" data-align=\"center\">8:00 &#8211; 9:40<\/td><td class=\"has-text-align-center\" data-align=\"center\">10:00 &#8211; 11:40<\/td><td class=\"has-text-align-center\" data-align=\"center\">13:00 &#8211; 14:40<\/td><td class=\"has-text-align-center\" data-align=\"center\">15:00 &#8211; 16:40<\/td><td class=\"has-text-align-center\" data-align=\"center\">17:00 &#8211; 18:40<\/td><\/tr><tr><td>Pondelok<\/td><td class=\"has-text-align-center\" data-align=\"center\"><\/td><td class=\"has-text-align-center\" data-align=\"center\"><\/td><td class=\"has-text-align-center\" data-align=\"center\">Cvi\u010denie (MV)<\/td><td class=\"has-text-align-center\" data-align=\"center\"><\/td><td class=\"has-text-align-center\" data-align=\"center\"><\/td><\/tr><tr><td>Utorok<\/td><td class=\"has-text-align-center\" data-align=\"center\"><\/td><td class=\"has-text-align-center\" data-align=\"center\">Cvi\u010denie (GB)<\/td><td class=\"has-text-align-center\" data-align=\"center\"><\/td><td class=\"has-text-align-center\" data-align=\"center\">Cvi\u010denie (BS)<\/td><td class=\"has-text-align-center\" data-align=\"center\">Cvi\u010denie (BS)<\/td><\/tr><tr><td>Streda<\/td><td class=\"has-text-align-center\" data-align=\"center\"><\/td><td class=\"has-text-align-center\" data-align=\"center\"><\/td><td class=\"has-text-align-center\" data-align=\"center\">Cvi\u010denie (AK)<\/td><td class=\"has-text-align-center\" data-align=\"center\">Cvi\u010denie (AK)<\/td><td class=\"has-text-align-center\" data-align=\"center\">Cvi\u010denie (GB)<\/td><\/tr><tr><td>\u0160tvrtok<\/td><td class=\"has-text-align-center\" data-align=\"center\"><\/td><td class=\"has-text-align-center\" data-align=\"center\"><\/td><td class=\"has-text-align-center\" data-align=\"center\"><\/td><td class=\"has-text-align-center\" data-align=\"center\">Predn\u00e1\u0161ka (PN)<\/td><td class=\"has-text-align-center\" data-align=\"center\">Semin\u00e1r (PN)<\/td><\/tr><tr><td>Piatok<\/td><td class=\"has-text-align-center\" data-align=\"center\"><\/td><td class=\"has-text-align-center\" data-align=\"center\"><\/td><td class=\"has-text-align-center\" data-align=\"center\"><\/td><td class=\"has-text-align-center\" data-align=\"center\"><\/td><td class=\"has-text-align-center\" data-align=\"center\"><\/td><\/tr><\/tbody><\/table><\/figure>\n<\/div>\n\n\n\n<div class=\"wp-block-column is-layout-flow wp-block-column-is-layout-flow\" style=\"flex-basis:33.33%\"><\/div>\n<\/div>\n\n\n\n<p><\/p>\n\n\n\n<h3 class=\"wp-block-heading\">Hodnotenie predmetu<\/h3>\n\n\n\n<p><strong>Semester<\/strong><br>Povinn\u00e1 \u00fa\u010das\u0165 na predn\u00e1\u0161kach a cvi\u010deniach.<br>Absolvovanie a vypracovanie v\u0161etk\u00fdch laborat\u00f3rnych \u00faloh.<br>Body za 4 laborat\u00f3rne \u00falohy: maxim\u00e1lne 16 bodov<br>Dve priebe\u017en\u00e9 p\u00edsomky po\u010das semestra \u2013 max. 30 bodov (+10)<br>Aby mohol \u0161tudent \u00eds\u0165 na sk\u00fa\u0161ku, mus\u00ed po\u010das semestra z\u00edska\u0165 <strong>minim\u00e1lne 25 bodov<\/strong>.<br><br><strong>Sk\u00fa\u0161ka<\/strong><br>Sk\u00fa\u0161ka bude p\u00edsomn\u00e1 (teoretick\u00e9 ot\u00e1zky a rie\u0161enie fyzik\u00e1lnych \u00faloh) s mo\u017enos\u0165ou \u00fastneho dosk\u00fa\u0161ania.<br>Za sk\u00fa\u0161ku je mo\u017en\u00e9 z\u00edska\u0165 maxim\u00e1lne 54 bodov, ktor\u00e9 sa pripo\u010d\u00edtaj\u00fa k bodom z\u00edskan\u00fdm po\u010das semestra.<\/p>\n\n\n\n<p>\u0160tudent, ktor\u00fd sa nez\u00fa\u010dastn\u00ed sk\u00fa\u0161ky z\u00edska zn\u00e1mku Fx. Inak sa v\u00fdsledn\u00e1 zn\u00e1mka ur\u010d\u00ed na z\u00e1klade z\u00edskan\u00fdch bodov pod\u013ea klasifika\u010dnej stupnice FEI STU v Bratislave.<\/p>\n\n\n\n<h3 class=\"wp-block-heading\">Arch\u00edv p\u00edsomiek<\/h3>\n\n\n\n<p><strong>ZS 2025\/2026<\/strong> <br>1. p\u00edsomka &#8211; <a href=\"https:\/\/www.ujfi.fei.stuba.sk\/wp-content\/uploads\/2026\/02\/2025_2026_ZS_Fyzika_1_Test_1.pdf\" data-type=\"attachment\" data-id=\"2068\" target=\"_blank\" rel=\"noreferrer noopener\">Zadanie<\/a><br>2. p\u00edsomka &#8211; <a href=\"https:\/\/www.ujfi.fei.stuba.sk\/wp-content\/uploads\/2026\/02\/2025_2026_ZS_Fyzika_1_Test_2.pdf\" data-type=\"attachment\" data-id=\"2069\" target=\"_blank\" rel=\"noreferrer noopener\">Zadanie<\/a><br>Sk\u00fa\u0161ka RT &#8211; <a href=\"https:\/\/www.ujfi.fei.stuba.sk\/wp-content\/uploads\/2026\/02\/2025_2026_ZS_Fyzika_1_Skuska2_teoria.pdf\" data-type=\"attachment\" data-id=\"2074\" target=\"_blank\" rel=\"noreferrer noopener\">Te\u00f3ria<\/a> &#8211; <a href=\"https:\/\/www.ujfi.fei.stuba.sk\/wp-content\/uploads\/2026\/02\/2025_2026_ZS_Fyzika_1_Skuska2_priklady.pdf\" data-type=\"attachment\" data-id=\"2071\">\u00dalohy<\/a><br>Sk\u00fa\u0161ka OT &#8211; <a href=\"https:\/\/www.ujfi.fei.stuba.sk\/wp-content\/uploads\/2026\/02\/2025_2026_ZS_Fyzika_1_Skuska3_teoria.pdf\" data-type=\"attachment\" data-id=\"2073\">Te\u00f3ria<\/a> &#8211; <a href=\"https:\/\/www.ujfi.fei.stuba.sk\/wp-content\/uploads\/2026\/02\/2025_2026_ZS_Fyzika_1_Skuska2_priklady.pdf\" data-type=\"attachment\" data-id=\"2071\" target=\"_blank\" rel=\"noreferrer noopener\">\u00dalohy<\/a><\/p>\n\n\n\n<p><\/p>\n","protected":false},"excerpt":{"rendered":"<p>Webov\u00e1 str\u00e1nka kurzu fyziky v letnom semestri akademick\u00e9ho roka 2025\/2026. Z\u00e1kladn\u00e9 inform\u00e1cie \u0160tudijn\u00e9 programy: elektronick\u00e9 syst\u00e9my a n\u00e1vrh \u010dipov, informa\u010dn\u00e9 a komunika\u010dn\u00e9 technol\u00f3gie, robotika a kybernetikaRozsah: 2 hod. predn\u00e1\u0161ok, 2 hod. cvi\u010den\u00ed a 2 hod. semin\u00e1ru t\u00fd\u017edenne Kredity: 6 kreditov (\u010do zodpoved\u00e1 150 hod\u00edn \u0161t\u00fadia a samo\u0161t\u00fadia)Predn\u00e1\u0161ka: \u0161tvrtok 15:00 \u2013 16:40 AB 300Semin\u00e1r: \u0161tvrtok 17:00 \u2013 18:40 AB 300Predn\u00e1\u0161aj\u00faci: Ing. Patrik Nov\u00e1k, PhD., miestnos\u0165 A 316, email: patrik.novak@stuba.skCvi\u010diaci: Mgr. Marek Van\u010do, PhD.; Mgr. Goran Bulatovi\u010d, PhD.; Ing. Branislav Str\u00edbrnsk\u00fd, PhD.; Ing. Andrea Kov\u00e1\u010dov\u00e1, PhD. U\u017eito\u010dn\u00e9 odkazyLaborat\u00f3rne \u00falohyMet\u00f3dy spracovania meran\u00edLine\u00e1rna regresiaLine\u00e1rna regresia v ExceliZbierka \u00faloh (J. Cir\u00e1k)Pr\u00edklady na precvi\u010denieFyzika po kapitol\u00e1chD&#8230;. <\/p>\n","protected":false},"author":1,"featured_media":2016,"parent":55,"menu_order":0,"comment_status":"closed","ping_status":"closed","template":"template-full-width.php","meta":{"footnotes":""},"class_list":["post-2007","page","type-page","status-publish","has-post-thumbnail","hentry"],"_links":{"self":[{"href":"https:\/\/www.ujfi.fei.stuba.sk\/en\/wp-json\/wp\/v2\/pages\/2007","targetHints":{"allow":["GET"]}}],"collection":[{"href":"https:\/\/www.ujfi.fei.stuba.sk\/en\/wp-json\/wp\/v2\/pages"}],"about":[{"href":"https:\/\/www.ujfi.fei.stuba.sk\/en\/wp-json\/wp\/v2\/types\/page"}],"author":[{"embeddable":true,"href":"https:\/\/www.ujfi.fei.stuba.sk\/en\/wp-json\/wp\/v2\/users\/1"}],"replies":[{"embeddable":true,"href":"https:\/\/www.ujfi.fei.stuba.sk\/en\/wp-json\/wp\/v2\/comments?post=2007"}],"version-history":[{"count":37,"href":"https:\/\/www.ujfi.fei.stuba.sk\/en\/wp-json\/wp\/v2\/pages\/2007\/revisions"}],"predecessor-version":[{"id":2152,"href":"https:\/\/www.ujfi.fei.stuba.sk\/en\/wp-json\/wp\/v2\/pages\/2007\/revisions\/2152"}],"up":[{"embeddable":true,"href":"https:\/\/www.ujfi.fei.stuba.sk\/en\/wp-json\/wp\/v2\/pages\/55"}],"wp:featuredmedia":[{"embeddable":true,"href":"https:\/\/www.ujfi.fei.stuba.sk\/en\/wp-json\/wp\/v2\/media\/2016"}],"wp:attachment":[{"href":"https:\/\/www.ujfi.fei.stuba.sk\/en\/wp-json\/wp\/v2\/media?parent=2007"}],"curies":[{"name":"wp","href":"https:\/\/api.w.org\/{rel}","templated":true}]}}