{"id":157,"date":"2016-11-09T12:26:29","date_gmt":"2016-11-09T12:26:29","guid":{"rendered":"http:\/\/flythemesdemo.net\/campus\/?page_id=47"},"modified":"2025-12-10T21:01:22","modified_gmt":"2025-12-10T20:01:22","slug":"vyskum-2","status":"publish","type":"page","link":"https:\/\/www.ujfi.fei.stuba.sk\/en\/vyskum-2\/","title":{"rendered":"RESEARCH"},"content":{"rendered":"\r\n<p>Research at the Institute of Nuclear and Physical Engineering can be divided into the following areas:<\/p>\r\n\r\n\r\n<div class=\"courses-box\" id=\"\">\n\t\t\t\t\t<div class=\"coursethumb\"><img decoding=\"async\" src=\"https:\/\/www.ujfi.fei.stuba.sk\/wp-content\/uploads\/2023\/10\/vyskum1.jpg\"><\/div>\n\t\t\t\t\t<div class=\"course-content\">\n\t\t\t\t\t\t<h3>Materials Physics<\/h3>\n\t\t\t\t\t\t<p>Research in the field of materials physics focuses on studying the properties of materials at the microscopic level. We investigate their structure, electrical conductivity, mechanical resistance, and many other aspects in order to support innovation in materials engineering.<\/p>\n\t\t\t\t\t\t<a href=\"https:\/\/www.ujfi.fei.stuba.sk\/?cat=9\">\u010c\u00edta\u0165 viac &gt;<\/a>\n\t\t\t\t\t<\/div>\t\t\n\t\t\t\t<\/div>\r\n\r\n<div class=\"courses-box\" id=\"\">\n\t\t\t\t\t<div class=\"coursethumb\"><img decoding=\"async\" src=\"https:\/\/www.ujfi.fei.stuba.sk\/wp-content\/uploads\/2023\/10\/vyskum2.jpg\"><\/div>\n\t\t\t\t\t<div class=\"course-content\">\n\t\t\t\t\t\t<h3>Materials Research and Diagnostics<\/h3>\n\t\t\t\t\t\t<p>We use modern technologies to precisely characterize material properties and identify potential defects, thereby contributing to higher quality and safety of materials across various industrial sectors.<\/p>\n\t\t\t\t\t\t<a href=\"https:\/\/www.ujfi.fei.stuba.sk\/?cat=10\">\u010c\u00edta\u0165 viac &gt;<\/a>\n\t\t\t\t\t<\/div>\t\t\n\t\t\t\t<\/div>\r\n\r\n<div class=\"courses-box\" id=\"last\">\n\t\t\t\t\t<div class=\"coursethumb\"><img decoding=\"async\" src=\"https:\/\/www.ujfi.fei.stuba.sk\/wp-content\/uploads\/2023\/10\/vyskum3.jpg\"><\/div>\n\t\t\t\t\t<div class=\"course-content\">\n\t\t\t\t\t\t<h3>Nuclear Technology and Energy<\/h3>\n\t\t\t\t\t\t<p>Research in the field of nuclear technology and energy focuses on the development of innovative solutions for nuclear power engineering. We collaborate with industrial partners to develop safe and sustainable nuclear systems that contribute to meeting today\u2019s energy needs.<\/p>\n\t\t\t\t\t\t<a href=\"https:\/\/www.ujfi.fei.stuba.sk\/?cat=11\">\u010c\u00edta\u0165 viac &gt;<\/a>\n\t\t\t\t\t<\/div>\t\t\n\t\t\t\t<\/div>\r\n\r\n<div class=\"courses-box\" id=\"\">\n\t\t\t\t\t<div class=\"coursethumb\"><img decoding=\"async\" src=\"https:\/\/www.ujfi.fei.stuba.sk\/wp-content\/uploads\/2023\/10\/vyskum5.jpg\"><\/div>\n\t\t\t\t\t<div class=\"course-content\">\n\t\t\t\t\t\t<h3>Applications of Ionizing Radiation<\/h3>\n\t\t\t\t\t\t<p>Research focuses on the use of various types of ionizing radiation for studying structure, modifying material properties, and developing detectors.<\/p>\n\t\t\t\t\t\t<a href=\"https:\/\/www.ujfi.fei.stuba.sk\/?cat=12\">\u010c\u00edta\u0165 viac &gt;<\/a>\n\t\t\t\t\t<\/div>\t\t\n\t\t\t\t<\/div>\r\n\r\n<pre>&nbsp;<\/pre>","protected":false},"excerpt":{"rendered":"<p>Research at the Institute of Nuclear and Physical Engineering can be divided into the following areas: Materials Physics Research in the field of materials physics focuses on studying the properties of materials at the microscopic level. We investigate their structure, electrical conductivity, mechanical resistance, and many other aspects in order to support innovation in materials engineering. \u010c\u00edta\u0165 viac &gt; Materials Research and Diagnostics We use modern technologies to precisely characterize material properties and identify potential defects, thereby contributing to higher quality and safety of materials across various industrial sectors. \u010c\u00edta\u0165 viac &gt; Nuclear Technology and Energy Research in the field&#8230; <\/p>\n","protected":false},"author":1,"featured_media":72,"parent":0,"menu_order":0,"comment_status":"closed","ping_status":"closed","template":"template-full-width.php","meta":{"footnotes":""},"class_list":["post-157","page","type-page","status-publish","has-post-thumbnail","hentry"],"_links":{"self":[{"href":"https:\/\/www.ujfi.fei.stuba.sk\/en\/wp-json\/wp\/v2\/pages\/157","targetHints":{"allow":["GET"]}}],"collection":[{"href":"https:\/\/www.ujfi.fei.stuba.sk\/en\/wp-json\/wp\/v2\/pages"}],"about":[{"href":"https:\/\/www.ujfi.fei.stuba.sk\/en\/wp-json\/wp\/v2\/types\/page"}],"author":[{"embeddable":true,"href":"https:\/\/www.ujfi.fei.stuba.sk\/en\/wp-json\/wp\/v2\/users\/1"}],"replies":[{"embeddable":true,"href":"https:\/\/www.ujfi.fei.stuba.sk\/en\/wp-json\/wp\/v2\/comments?post=157"}],"version-history":[{"count":1,"href":"https:\/\/www.ujfi.fei.stuba.sk\/en\/wp-json\/wp\/v2\/pages\/157\/revisions"}],"predecessor-version":[{"id":1790,"href":"https:\/\/www.ujfi.fei.stuba.sk\/en\/wp-json\/wp\/v2\/pages\/157\/revisions\/1790"}],"wp:featuredmedia":[{"embeddable":true,"href":"https:\/\/www.ujfi.fei.stuba.sk\/en\/wp-json\/wp\/v2\/media\/72"}],"wp:attachment":[{"href":"https:\/\/www.ujfi.fei.stuba.sk\/en\/wp-json\/wp\/v2\/media?parent=157"}],"curies":[{"name":"wp","href":"https:\/\/api.w.org\/{rel}","templated":true}]}}